{"id":5046,"date":"2022-03-16T17:47:22","date_gmt":"2022-03-16T16:47:22","guid":{"rendered":"https:\/\/iniciaserveis.com\/condicions-dus\/"},"modified":"2022-03-16T17:51:05","modified_gmt":"2022-03-16T16:51:05","slug":"condicions-dus","status":"publish","type":"page","link":"https:\/\/iniciaserveis.com\/ca\/condicions-dus\/","title":{"rendered":"Condicions d&#8217;\u00das"},"content":{"rendered":"\t\t<div data-elementor-type=\"wp-page\" data-elementor-id=\"5046\" class=\"elementor elementor-5046 elementor-800\" data-elementor-post-type=\"page\">\n\t\t\t\t\t\t<section class=\"elementor-section elementor-top-section elementor-element elementor-element-2f89eba7 elementor-reverse-mobile elementor-section-boxed elementor-section-height-default elementor-section-height-default\" data-id=\"2f89eba7\" data-element_type=\"section\" data-e-type=\"section\">\n\t\t\t\t\t\t<div class=\"elementor-container elementor-column-gap-default\">\n\t\t\t\t\t<div class=\"elementor-column elementor-col-100 elementor-top-column elementor-element elementor-element-2b3297d7\" data-id=\"2b3297d7\" data-element_type=\"column\" data-e-type=\"column\">\n\t\t\t<div class=\"elementor-widget-wrap elementor-element-populated\">\n\t\t\t\t\t\t<div class=\"elementor-element elementor-element-3ba30f4 elementor-widget elementor-widget-heading\" data-id=\"3ba30f4\" data-element_type=\"widget\" data-e-type=\"widget\" data-widget_type=\"heading.default\">\n\t\t\t\t<div class=\"elementor-widget-container\">\n\t\t\t\t\t<p class=\"elementor-heading-title elementor-size-default\">Condicions d'\u00das<\/p>\t\t\t\t<\/div>\n\t\t\t\t<\/div>\n\t\t\t\t<div class=\"elementor-element elementor-element-238636ca elementor-widget elementor-widget-text-editor\" data-id=\"238636ca\" data-element_type=\"widget\" data-e-type=\"widget\" data-widget_type=\"text-editor.default\">\n\t\t\t\t<div class=\"elementor-widget-container\">\n\t\t\t\t\t\t\t\t\t<p>Les presents Condicions Generals d\u2019\u00das (a partir d\u2019aqu\u00ed, \u201cles Condicions Generals\u201d) regulen l\u2019acc\u00e9s i d\u2019utilitzaci\u00f3 del web accessible mitjan\u00e7ant el domini iniciaserveis.com i els seus subdominis (a partir d\u2019aqu\u00ed, el \u201cWeb\u201d).<\/p>\n<p>El simple acc\u00e9s al Web atribueix a qui el realitza la condici\u00f3 d\u2019Usuari del Web (a partir d\u2019aqu\u00ed, \u201cl\u2019Usuari\u201d) i implica l\u2019acceptaci\u00f3 de tots els punts inclosos en aquestes Condicions Generals. En el sup\u00f2sit de no estar d\u2019acord amb aquestes Condicions Generals, l\u2019Usuari ha d\u2019abandonar immediatament el Web sense utilitzar-lo.<\/p>\n<p><b>I. Llei de Serveis de la Societat de la Informaci\u00f3<\/b><\/p>\n<p>A efectes del disposat a l\u2018article 10 de la Llei de Serveis de la Societat de la Informaci\u00f3 i de Comer\u00e7 Electr\u00f2nic d\u201911 de juliol de 2002, es fa constar que el web\u00a0<a href=\"https:\/\/iniciaserveis.com\/ca\/\">iniciaserveis.com<\/a>\u00a0es titularitat de Jordi Carmona Xifra (a partir d\u2019aqu\u00ed \u2018Inicia Serveis\u2019), amb domicili social i a efecte de notificacions al carrer\u00a0Iberia, 3 17005 Girona<span lang=\"ca-ES\">\u00a0i tamb\u00e9 a trav\u00e9s del formulari de contacte d\u2019aquesta p\u00e0gina.<\/span><\/p>\n<p><b>II. Drets de propietat intel\u00b7lectual i industrial<\/b><\/p>\n<p>Els drets de propietat intel\u00b7lectual i industrial del web iniciaserveis.com pertanyen a Jordi Carmona Xifra. Els drets de propietat intel\u00b7lectual de la p\u00e0gina comprenen el contingut escrit, el seu disseny i el codi font amb el que est\u00e0 programada, protegits conforme la legislaci\u00f3 espanyola i internacional relativa als drets d\u2019autor.<\/p>\n<p><b>III. Condicions d\u2019acc\u00e9s i \u00fas del Web<\/b><\/p>\n<p>La utilitzaci\u00f3 d\u2019aquest Web implica l\u2019atribuci\u00f3 de la condici\u00f3 d\u2019\u201cUsuari\u201d i conseq\u00fcentment, l\u2019acceptaci\u00f3 plena de totes les disposicions incloses en aquesta \u201cInformaci\u00f3 Legal\u201d des del moment en el qual s\u2019accedeix al web. Inicia Serveis podr\u00e0 modificar en qualsevol moment i sense avisar el disseny, presentaci\u00f3 i\/o configuraci\u00f3 del Web, aix\u00ed com alguns o tots els Continguts.<\/p>\n<p>Les presents condicions son vigents des de la data de al seva \u00faltima actualitzaci\u00f3. Inicia Serveis se reserva el dret a modificar-les en qualsevol moment i sense preav\u00eds, en aquest cas entraran en vigor des de la seva publicaci\u00f3 en el Web i seran aplicables a tots els Usuaris des d\u2019aquesta data. Per aquest motiu, Inicia Serveis recomana als Usuaris que vulguin entrar i fer us del Web, que llegeixin atentament el contingut de la present \u201cInformaci\u00f3 Legal\u201d cada vegada que accedeixin al Web.<\/p>\n<p>Els continguts del Web, especialment les refer\u00e8ncies informatives i publicit\u00e0ries, excepte que s\u2019indiqui el contrari, no constitueixen oferta vinculant. Inicia Serveis recomana als Usuaris que contactin a trav\u00e9s del formulari de contacte de la p\u00e0gina per informar-se amb detall, valorar els preus i confirmar les condicions i especificacions de cadascun dels serveis actius, sol\u00b7licitar-los i efectuar qualsevol contractaci\u00f3 amb l\u2019ajuda i assist\u00e8ncia del personal d\u2019Atenci\u00f3 al Client de Inicia Serveis.<\/p>\n<p>Inicia Serveis no es el titular dels altres llocs de la xarxa als que es pugui accedir mitjan\u00e7ant la utilitzaci\u00f3 de links disponibles al Web. Conseq\u00fcentment, l\u2019Usuari hi accedir\u00e0 sota la seva exclusiva responsabilitat, la dels seus respectius continguts i condicions d\u2019\u00fas. No obstant, s\u2019autoritza a l\u2019Usuari a realitzar enlla\u00e7os o links que condueixin al Web de Inicia Serveis sempre que:<\/p>\n<p>1) Quedi const\u00e0ncia de la identitat del seu propietari.<\/p>\n<p>2) El link vinculi a la p\u00e0gina principal o a contingut propi, sense reproduir-la de cap manera.<\/p>\n<p>3) No s\u2019utilitzi la marca Inicia Serveis o qualsevol altre element distintiu que pugui confondre sobre la propietat del Web.<\/p>\n<p>4) Les p\u00e0gines o llocs de la xarxa a trav\u00e9s dels quals es realitzi l\u2019enlla\u00e7, no poden atemptar a la moral, a l\u2019ordre p\u00fablic i a les bones costums i han de ser respectuosos amb els principis de no discriminaci\u00f3 i el respecte a la dignitat de la persona, la protecci\u00f3 a la joventut i la inf\u00e0ncia.<\/p>\n<p>Inicia Serveis no es fa responsable, en cap cas, dels danys que es poguessin ocasionar de l\u2019\u00fas il\u00b7legal o indegut del Web. Al mateix temps, Inicia Serveis queda eximida de qualsevol responsabilitat pels danys i prejudicis que es poguessin ocasionar com a conseq\u00fc\u00e8ncia de l\u2019acc\u00e9s, reproducci\u00f3, captaci\u00f3 i transmissi\u00f3 dels continguts i serveis de la p\u00e0gina Web facilitats per tercers. Inicia Serveis no garanteix la idone\u00eftat, disponibilitat, oportunitat o exactitud de la informaci\u00f3 del seu Web, que podr\u00e0 actualitzar-se, modificar-se o eliminar-se sense previ av\u00eds. En qualsevol cas, recordem a l\u2019Usuari que no utilitzi la informaci\u00f3 en el seu Web amb finalitats particulars sense l\u2019assessorament o supervisi\u00f3 d\u2019un professional.<\/p>\n<p>Els comentaris dels Usuaris son responsabilitat del propi Usuari de la Web i Inicia Serveis no se\u2019n fa responsable, ni necess\u00e0riament les comparteix.<\/p>\n<p>Inicia Serveis es reserva el dret de modificar la present \u201cInformaci\u00f3 Legal\u201d, inclosa la seva pol\u00edtica de privacitat, amb l\u2019objectiu d\u2019adaptar-la a les novetats legislatives o jurisprudencials, o per criteris empresarials.<\/p>\n<p><b>IV. Objecte<\/b><\/p>\n<p>El Web ha estat dissenyat per a aportar informaci\u00f3 sobre el projecte Inicia Serveis.<\/p>\n<p><b>V. Publicitat<\/b><\/p>\n<p>La publicitat mostrada en iniciaserveis.com, etiquetada com a \u201cAnuncios Google\u201d, procedeix del programa AdSense de Google \u2122. Inicia Serveis no t\u00e9 cap relaci\u00f3 directa amb el contingut dels anuncis ni amb les seves marques o altres drets de propietat intel\u00b7lectual. AdSense de Google \u2122 es una marca comercial de Google Inc.<\/p>\n\t\t\t\t\t\t\t\t<\/div>\n\t\t\t\t<\/div>\n\t\t\t\t\t<\/div>\n\t\t<\/div>\n\t\t\t\t\t<\/div>\n\t\t<\/section>\n\t\t\t\t<\/div>\n\t\t","protected":false},"excerpt":{"rendered":"<p>Condicions d&#8217;\u00das Les presents Condicions Generals d\u2019\u00das (a partir d\u2019aqu\u00ed, \u201cles Condicions Generals\u201d) regulen l\u2019acc\u00e9s i d\u2019utilitzaci\u00f3 del web accessible mitjan\u00e7ant el domini iniciaserveis.com i els seus subdominis (a partir d\u2019aqu\u00ed, el \u201cWeb\u201d). El simple acc\u00e9s al Web atribueix a qui el realitza la condici\u00f3 d\u2019Usuari del Web (a partir d\u2019aqu\u00ed, \u201cl\u2019Usuari\u201d) i implica l\u2019acceptaci\u00f3 [&hellip;]<\/p>\n","protected":false},"author":4,"featured_media":0,"parent":0,"menu_order":33,"comment_status":"closed","ping_status":"closed","template":"","meta":{"footnotes":""},"class_list":["post-5046","page","type-page","status-publish","hentry"],"yoast_head":"<!-- This site is optimized with the Yoast SEO plugin v27.2 - https:\/\/yoast.com\/product\/yoast-seo-wordpress\/ -->\n<title>Condicions d&#039;\u00das - Iniciaserveis<\/title>\n<meta name=\"robots\" content=\"index, follow, max-snippet:-1, max-image-preview:large, max-video-preview:-1\" \/>\n<link rel=\"canonical\" href=\"https:\/\/iniciaserveis.com\/condiciones-de-uso\/\" \/>\n<meta property=\"og:locale\" content=\"ca_ES\" \/>\n<meta property=\"og:type\" content=\"article\" \/>\n<meta property=\"og:title\" content=\"Condicions d&#039;\u00das - Iniciaserveis\" \/>\n<meta property=\"og:description\" content=\"Condicions d&#8217;\u00das Les presents Condicions Generals d\u2019\u00das (a partir d\u2019aqu\u00ed, \u201cles Condicions Generals\u201d) regulen l\u2019acc\u00e9s i d\u2019utilitzaci\u00f3 del web accessible mitjan\u00e7ant el domini iniciaserveis.com i els seus subdominis (a partir d\u2019aqu\u00ed, el \u201cWeb\u201d). El simple acc\u00e9s al Web atribueix a qui el realitza la condici\u00f3 d\u2019Usuari del Web (a partir d\u2019aqu\u00ed, \u201cl\u2019Usuari\u201d) i implica l\u2019acceptaci\u00f3 [&hellip;]\" \/>\n<meta property=\"og:url\" content=\"https:\/\/iniciaserveis.com\/condiciones-de-uso\/\" \/>\n<meta property=\"og:site_name\" content=\"Iniciaserveis\" \/>\n<meta property=\"article:modified_time\" content=\"2022-03-16T16:51:05+00:00\" \/>\n<meta name=\"twitter:card\" content=\"summary_large_image\" \/>\n<meta name=\"twitter:label1\" content=\"Temps estimat de lectura\" \/>\n\t<meta name=\"twitter:data1\" content=\"5 minuts\" \/>\n<script type=\"application\/ld+json\" class=\"yoast-schema-graph\">{\"@context\":\"https:\/\/schema.org\",\"@graph\":[{\"@type\":\"WebPage\",\"@id\":\"https:\/\/iniciaserveis.com\/condiciones-de-uso\/\",\"url\":\"https:\/\/iniciaserveis.com\/condiciones-de-uso\/\",\"name\":\"Condicions d'\u00das - Iniciaserveis\",\"isPartOf\":{\"@id\":\"https:\/\/iniciaserveis.com\/#website\"},\"datePublished\":\"2022-03-16T16:47:22+00:00\",\"dateModified\":\"2022-03-16T16:51:05+00:00\",\"breadcrumb\":{\"@id\":\"https:\/\/iniciaserveis.com\/condiciones-de-uso\/#breadcrumb\"},\"inLanguage\":\"ca\",\"potentialAction\":[{\"@type\":\"ReadAction\",\"target\":[\"https:\/\/iniciaserveis.com\/condiciones-de-uso\/\"]}]},{\"@type\":\"BreadcrumbList\",\"@id\":\"https:\/\/iniciaserveis.com\/condiciones-de-uso\/#breadcrumb\",\"itemListElement\":[{\"@type\":\"ListItem\",\"position\":1,\"name\":\"Inici\",\"item\":\"https:\/\/iniciaserveis.com\/ca\/\"},{\"@type\":\"ListItem\",\"position\":2,\"name\":\"Condicions d&#8217;\u00das\"}]},{\"@type\":\"WebSite\",\"@id\":\"https:\/\/iniciaserveis.com\/#website\",\"url\":\"https:\/\/iniciaserveis.com\/\",\"name\":\"Iniciaserveis\",\"description\":\"\",\"publisher\":{\"@id\":\"https:\/\/iniciaserveis.com\/#organization\"},\"potentialAction\":[{\"@type\":\"SearchAction\",\"target\":{\"@type\":\"EntryPoint\",\"urlTemplate\":\"https:\/\/iniciaserveis.com\/?s={search_term_string}\"},\"query-input\":{\"@type\":\"PropertyValueSpecification\",\"valueRequired\":true,\"valueName\":\"search_term_string\"}}],\"inLanguage\":\"ca\"},{\"@type\":\"Organization\",\"@id\":\"https:\/\/iniciaserveis.com\/#organization\",\"name\":\"Inicia Avantsystems, S.L.\",\"url\":\"https:\/\/iniciaserveis.com\/\",\"logo\":{\"@type\":\"ImageObject\",\"inLanguage\":\"ca\",\"@id\":\"https:\/\/iniciaserveis.com\/#\/schema\/logo\/image\/\",\"url\":\"https:\/\/iniciaserveis.com\/wp-content\/uploads\/2020\/04\/logo_300ppp.png\",\"contentUrl\":\"https:\/\/iniciaserveis.com\/wp-content\/uploads\/2020\/04\/logo_300ppp.png\",\"width\":1459,\"height\":280,\"caption\":\"Inicia Avantsystems, S.L.\"},\"image\":{\"@id\":\"https:\/\/iniciaserveis.com\/#\/schema\/logo\/image\/\"},\"sameAs\":[\"https:\/\/www.linkedin.com\/company\/iniciaserveis\",\"https:\/\/www.youtube.com\/channel\/UC4UsiGh9WQyBiMa9wFm1smw\"]}]}<\/script>\n<!-- \/ Yoast SEO plugin. -->","yoast_head_json":{"title":"Condicions d'\u00das - Iniciaserveis","robots":{"index":"index","follow":"follow","max-snippet":"max-snippet:-1","max-image-preview":"max-image-preview:large","max-video-preview":"max-video-preview:-1"},"canonical":"https:\/\/iniciaserveis.com\/condiciones-de-uso\/","og_locale":"ca_ES","og_type":"article","og_title":"Condicions d'\u00das - Iniciaserveis","og_description":"Condicions d&#8217;\u00das Les presents Condicions Generals d\u2019\u00das (a partir d\u2019aqu\u00ed, \u201cles Condicions Generals\u201d) regulen l\u2019acc\u00e9s i d\u2019utilitzaci\u00f3 del web accessible mitjan\u00e7ant el domini iniciaserveis.com i els seus subdominis (a partir d\u2019aqu\u00ed, el \u201cWeb\u201d). El simple acc\u00e9s al Web atribueix a qui el realitza la condici\u00f3 d\u2019Usuari del Web (a partir d\u2019aqu\u00ed, \u201cl\u2019Usuari\u201d) i implica l\u2019acceptaci\u00f3 [&hellip;]","og_url":"https:\/\/iniciaserveis.com\/condiciones-de-uso\/","og_site_name":"Iniciaserveis","article_modified_time":"2022-03-16T16:51:05+00:00","twitter_card":"summary_large_image","twitter_misc":{"Temps estimat de lectura":"5 minuts"},"schema":{"@context":"https:\/\/schema.org","@graph":[{"@type":"WebPage","@id":"https:\/\/iniciaserveis.com\/condiciones-de-uso\/","url":"https:\/\/iniciaserveis.com\/condiciones-de-uso\/","name":"Condicions d'\u00das - Iniciaserveis","isPartOf":{"@id":"https:\/\/iniciaserveis.com\/#website"},"datePublished":"2022-03-16T16:47:22+00:00","dateModified":"2022-03-16T16:51:05+00:00","breadcrumb":{"@id":"https:\/\/iniciaserveis.com\/condiciones-de-uso\/#breadcrumb"},"inLanguage":"ca","potentialAction":[{"@type":"ReadAction","target":["https:\/\/iniciaserveis.com\/condiciones-de-uso\/"]}]},{"@type":"BreadcrumbList","@id":"https:\/\/iniciaserveis.com\/condiciones-de-uso\/#breadcrumb","itemListElement":[{"@type":"ListItem","position":1,"name":"Inici","item":"https:\/\/iniciaserveis.com\/ca\/"},{"@type":"ListItem","position":2,"name":"Condicions d&#8217;\u00das"}]},{"@type":"WebSite","@id":"https:\/\/iniciaserveis.com\/#website","url":"https:\/\/iniciaserveis.com\/","name":"Iniciaserveis","description":"","publisher":{"@id":"https:\/\/iniciaserveis.com\/#organization"},"potentialAction":[{"@type":"SearchAction","target":{"@type":"EntryPoint","urlTemplate":"https:\/\/iniciaserveis.com\/?s={search_term_string}"},"query-input":{"@type":"PropertyValueSpecification","valueRequired":true,"valueName":"search_term_string"}}],"inLanguage":"ca"},{"@type":"Organization","@id":"https:\/\/iniciaserveis.com\/#organization","name":"Inicia Avantsystems, S.L.","url":"https:\/\/iniciaserveis.com\/","logo":{"@type":"ImageObject","inLanguage":"ca","@id":"https:\/\/iniciaserveis.com\/#\/schema\/logo\/image\/","url":"https:\/\/iniciaserveis.com\/wp-content\/uploads\/2020\/04\/logo_300ppp.png","contentUrl":"https:\/\/iniciaserveis.com\/wp-content\/uploads\/2020\/04\/logo_300ppp.png","width":1459,"height":280,"caption":"Inicia Avantsystems, S.L."},"image":{"@id":"https:\/\/iniciaserveis.com\/#\/schema\/logo\/image\/"},"sameAs":["https:\/\/www.linkedin.com\/company\/iniciaserveis","https:\/\/www.youtube.com\/channel\/UC4UsiGh9WQyBiMa9wFm1smw"]}]}},"_links":{"self":[{"href":"https:\/\/iniciaserveis.com\/ca\/wp-json\/wp\/v2\/pages\/5046","targetHints":{"allow":["GET"]}}],"collection":[{"href":"https:\/\/iniciaserveis.com\/ca\/wp-json\/wp\/v2\/pages"}],"about":[{"href":"https:\/\/iniciaserveis.com\/ca\/wp-json\/wp\/v2\/types\/page"}],"author":[{"embeddable":true,"href":"https:\/\/iniciaserveis.com\/ca\/wp-json\/wp\/v2\/users\/4"}],"replies":[{"embeddable":true,"href":"https:\/\/iniciaserveis.com\/ca\/wp-json\/wp\/v2\/comments?post=5046"}],"version-history":[{"count":0,"href":"https:\/\/iniciaserveis.com\/ca\/wp-json\/wp\/v2\/pages\/5046\/revisions"}],"wp:attachment":[{"href":"https:\/\/iniciaserveis.com\/ca\/wp-json\/wp\/v2\/media?parent=5046"}],"curies":[{"name":"wp","href":"https:\/\/api.w.org\/{rel}","templated":true}]}}