{"id":5070,"date":"2022-03-16T17:53:57","date_gmt":"2022-03-16T16:53:57","guid":{"rendered":"https:\/\/iniciaserveis.com\/politica-de-cookies\/"},"modified":"2022-03-16T17:53:58","modified_gmt":"2022-03-16T16:53:58","slug":"politica-de-cookies","status":"publish","type":"page","link":"https:\/\/iniciaserveis.com\/ca\/politica-de-cookies\/","title":{"rendered":"Pol\u00edtica de Cookies"},"content":{"rendered":"\t\t<div data-elementor-type=\"wp-page\" data-elementor-id=\"5070\" class=\"elementor elementor-5070 elementor-802\" data-elementor-post-type=\"page\">\n\t\t\t\t\t\t<section class=\"elementor-section elementor-top-section elementor-element elementor-element-19b9d31 elementor-reverse-mobile elementor-section-boxed elementor-section-height-default elementor-section-height-default\" data-id=\"19b9d31\" data-element_type=\"section\" data-e-type=\"section\">\n\t\t\t\t\t\t<div class=\"elementor-container elementor-column-gap-default\">\n\t\t\t\t\t<div class=\"elementor-column elementor-col-100 elementor-top-column elementor-element elementor-element-6897d50\" data-id=\"6897d50\" data-element_type=\"column\" data-e-type=\"column\">\n\t\t\t<div class=\"elementor-widget-wrap elementor-element-populated\">\n\t\t\t\t\t\t<div class=\"elementor-element elementor-element-11e6d0c elementor-widget elementor-widget-heading\" data-id=\"11e6d0c\" data-element_type=\"widget\" data-e-type=\"widget\" data-widget_type=\"heading.default\">\n\t\t\t\t<div class=\"elementor-widget-container\">\n\t\t\t\t\t<p class=\"elementor-heading-title elementor-size-default\">Pol\u00edtica de Cookies<\/p>\t\t\t\t<\/div>\n\t\t\t\t<\/div>\n\t\t\t\t<div class=\"elementor-element elementor-element-6e3a4c2 elementor-widget elementor-widget-text-editor\" data-id=\"6e3a4c2\" data-element_type=\"widget\" data-e-type=\"widget\" data-widget_type=\"text-editor.default\">\n\t\t\t\t<div class=\"elementor-widget-container\">\n\t\t\t\t\t\t\t\t\t<p>Els hi informen que per un bon funcionament de la web iniciaserveis.com, el sistema de navegaci\u00f3 utilitza algunes dades de navegaci\u00f3 (\u201cCookies\u201d) per poder oferir un servei m\u00e9s acurat als usuaris de la web.<\/p>\n<p>Les \u201cCookies\u201d s\u00f3n petits arxius de text que el navegador emmagatzema quan es navega per llocs web i aplicacions. Es pot recollir l\u2019adre\u00e7a IP que utilitza l\u2019ordinador per connectar-se al lloc web, l\u2019adre\u00e7a URL de la p\u00e0gina web demanada, l\u2019hora de la connexi\u00f3 i altres par\u00e0metres relatius al sistema operatiu de l\u2019entorn inform\u00e0tic de l\u2019usuari. Aquesta informaci\u00f3 nom\u00e9s recull per identificar la sessi\u00f3 amb l\u2019objectiu de facilitar les an\u00e0lisis del lloc web.<\/p>\n<p>INICIA AVANTSYSTEMS SL en la seva web utilitza \u201ccookies\u201d de tercers; i en concret de Google Analytics; que es un servei d\u2019estad\u00edstiques de p\u00e0gines web que ofereix Google, Inc. Google Analytics recull informaci\u00f3 de l\u2019equip de l\u2019usuari per obtenir informes sobre l\u2019activitat de l\u2019aplicaci\u00f3; emmagatzema la informaci\u00f3 recollida per les \u201ccookies\u201d en servidors als Estats Units.<\/p>\n<p>En tot cas, en el sup\u00f2sit que es captin dades de car\u00e0cter personal i en aquest cas, nom\u00e9s l\u2019adre\u00e7a IP d\u2019acc\u00e9s; els hi informem que aquestes seran tractades i incorporades en un Fitxer denominat \u201cMarketing\u201d responsabilitat d\u2019INICIA AVANTSYSTEMS SL.<\/p>\n<p>La finalitat d\u2019aquest fitxer \u00e9s la gesti\u00f3 i control dels usuaris que interact\u00faen a la web i la informaci\u00f3n que s\u2019obt\u00e9. Aquestes dades seran transmeses a les empreses gestores de les cookies i seran conservades d\u2019acord amb els par\u00e0metres d\u2019aquestes entitats.<\/p>\n<p>Conforme all\u00f2 disposat en la normativa de Protecci\u00f3 de Dades de Car\u00e0cter Personal, li informem que pot revocar aquestes autoritzacions a traves del seu propi navegador o exercitar els drets d\u2019acc\u00e9s, rectificaci\u00f3 o supressi\u00f3, la limitaci\u00f3 del tractament o oposar-se, aix\u00ed com el dret a la portabilitat de les dades a: C\/ Iberia n\u00ba 3 Local 3-5, 17005 \u2013 Girona,\u00a0 o b\u00e9 enviat un correu electr\u00f2nic a: <span \n                data-original-string='8N7SPNcoPiD8vcqtFz16Bw==0ad6UzDVZ917UHyh2tj9uqU7KvtEe5tgwjn1jE5Ct\/4aBU='\n                class='apbct-email-encoder'\n                title='This contact has been encoded by Anti-Spam by CleanTalk. Click to decode. To finish the decoding make sure that JavaScript is enabled in your browser.'>in<span class=\"apbct-blur\">**<\/span>@<span class=\"apbct-blur\">***********<\/span>is.com<\/span>. Aix\u00ed mateix, podr\u00e0 presentar una reclamaci\u00f3 davant de l\u2019Agencia Espanyola de Protecci\u00f3 de Dades.<\/p>\n<p>S\u2019informa l\u2019usuari que Google podr\u00e0 transmetre aquesta informaci\u00f3 a tercers quan aix\u00ed ho requereixi la llei, o quan aquests tercers processin la informaci\u00f3 per compte de Google. Google no associar\u00e0 l\u2019adre\u00e7a IP de l\u2019usuari amb cap altra dada de qu\u00e8 disposi, i per tant ho far\u00e0 totalment de forma anonimitzada.<\/p>\n<p>Per rebutjar o eliminar aquesta \u201ccookie\u201d es pot consultar la seg\u00fcent adre\u00e7a:<\/p>\n<p><a href=\"http:\/\/www.google.com\/intl\/ca\/policies\/privacy\/\" target=\"_blank\" rel=\"noopener\">http:\/\/www.google.com\/intl\/ca\/policies\/privacy\/<\/a><br \/>\n<a href=\"http:\/\/www.google.com\/intl\/en\/privacypolicy.html\" target=\"_blank\" rel=\"noopener\">http:\/\/www.google.com\/intl\/en\/privacypolicy.html<\/a><\/p>\n<p><strong>DESACTIVACI\u00d3 I BLOQUEIG DE LES COOKIES<\/strong><\/p>\n<p>En qualsevol cas, l\u2019usuari pot habilitar l\u2019opci\u00f3 del seu propi sistema de navegaci\u00f3 per tal de no permetre la instal\u00b7laci\u00f3 de cookies; sense que en cap cas INICIA AVANTSYSTEMS SL pugui ser responsable de que la inhabilitaci\u00f3 de Cookies comporti que alguns dels serveis que ofereix aquesta web no funcionin correctament.<\/p>\n<p>En els seg\u00fcents enlla\u00e7os, podr\u00e0 trobar instruccions que l\u2019ajudaran a configurar els ajustos dels principals navegadors m\u00e9s utilitzats.<\/p>\n<p><strong>Internet Explorer:<\/strong><br \/>\n<a href=\"https:\/\/support.microsoft.com\/es-es\/help\/17442\/windows-internet-explorer-delete-manage-cookies\" target=\"_blank\" rel=\"noopener\">https:\/\/support.microsoft.com\/es-es\/help\/17442\/windows-internet-explorer-delete-manage-cookies<\/a><\/p>\n<p><strong>Microsoft Edge:<\/strong><br \/>\n<a href=\"https:\/\/support.microsoft.com\/es-es\/help\/4027947\/microsoft-edge-delete-cookies\" target=\"_blank\" rel=\"noopener\">https:\/\/support.microsoft.com\/es-es\/help\/4027947\/microsoft-edge-delete-cookies<\/a><\/p>\n<p><strong>Google Chrome:<\/strong><br \/>\n<a href=\"https:\/\/support.google.com\/chrome\/answer\/95647?hl=es\" target=\"_blank\" rel=\"noopener\">https:\/\/support.google.com\/chrome\/answer\/95647?hl=es<\/a><\/p>\n<p><strong>Mozilla Firefox:<\/strong><br \/>\n<a href=\"http:\/\/support.mozilla.org\/es\/kb\/habilitar-y-deshabilitar-cookies-que-los-sitios-web\" target=\"_blank\" rel=\"noopener\">http:\/\/support.mozilla.org\/es\/kb\/habilitar-y-deshabilitar-cookies-que-los-sitios-web<\/a><\/p>\n<p><strong>Safari:<\/strong><br \/>\n<a href=\"http:\/\/support.apple.com\/kb\/ph5042\" target=\"_blank\" rel=\"noopener\">http:\/\/support.apple.com\/kb\/ph5042<\/a><\/p>\n<p><strong>Safari para IOS (Iphone, IPad):<\/strong><br \/>\n<a href=\"http:\/\/support.apple.com\/kb\/ht1677?viewlocale=es_es&amp;locale=es_es\" target=\"_blank\" rel=\"noopener\">http:\/\/support.apple.com\/kb\/ht1677?viewlocale=es_es&amp;locale=es_es<\/a><\/p>\n<p><strong>Chrome para Android:<\/strong><br \/>\n<a href=\"https:\/\/support.google.com\/chrome\/answer\/2392971?hl=es\" target=\"_blank\" rel=\"noopener\">https:\/\/support.google.com\/chrome\/answer\/2392971?hl=es<\/a><\/p>\n<p>Si es desitja m\u00e9s informaci\u00f3 sobre les cookies i la seva manera de deshabilitar-les segons el seu sistema de navegaci\u00f3 pot consultar els<br \/>\nseg\u00fcents links:<\/p>\n<p><a href=\"http:\/\/www.aboutcookies.org\/\" target=\"_blank\" rel=\"noopener\">http:\/\/www.aboutcookies.org<\/a><br \/>\n<a href=\"http:\/\/www.aboutcookies.org\/Default.aspx?page=1\" target=\"_blank\" rel=\"noopener\">http:\/\/www.aboutcookies.org\/Default.aspx?page=1<\/a><\/p>\n<p>En cas contrari, i havent informat INICIA AVANTSYSTEMS SL de l\u2019 \u00fas de cookies, i sense que aquestes hagin estat inhabilitades implica que l\u2019usuari d\u00f3na el seu consentiment al tractament de dades per Google en la forma prevista en aquest av\u00eds i per les finalitats aqu\u00ed descrites.<\/p>\n<p>En cas de dubte o de qualsevol comentari, es pot dirigir a INICIA AVANTSYSTEMS SL a trav\u00e9s dels seus mitjans d\u2019atenci\u00f3 al p\u00fablic o b\u00e9 comunicar-se amb nosaltres a trav\u00e9s de: <span \n                data-original-string='ymPJz7wW4RY5nTc1iyPDHQ==0adrucLGtmsaKNtkPJzgQvszY7jxCGBWFzSdh75QVnL7ZI='\n                class='apbct-email-encoder'\n                title='This contact has been encoded by Anti-Spam by CleanTalk. Click to decode. To finish the decoding make sure that JavaScript is enabled in your browser.'>in<span class=\"apbct-blur\">**<\/span>@<span class=\"apbct-blur\">***********<\/span>is.com<\/span>.<\/p>\n\t\t\t\t\t\t\t\t<\/div>\n\t\t\t\t<\/div>\n\t\t\t\t\t<\/div>\n\t\t<\/div>\n\t\t\t\t\t<\/div>\n\t\t<\/section>\n\t\t\t\t<\/div>\n\t\t","protected":false},"excerpt":{"rendered":"<p>Pol\u00edtica de Cookies Els hi informen que per un bon funcionament de la web iniciaserveis.com, el sistema de navegaci\u00f3 utilitza algunes dades de navegaci\u00f3 (\u201cCookies\u201d) per poder oferir un servei m\u00e9s acurat als usuaris de la web. Les \u201cCookies\u201d s\u00f3n petits arxius de text que el navegador emmagatzema quan es navega per llocs web i [&hellip;]<\/p>\n","protected":false},"author":4,"featured_media":0,"parent":0,"menu_order":31,"comment_status":"closed","ping_status":"closed","template":"","meta":{"footnotes":""},"class_list":["post-5070","page","type-page","status-publish","hentry"],"yoast_head":"<!-- This site is optimized with the Yoast SEO plugin v27.2 - https:\/\/yoast.com\/product\/yoast-seo-wordpress\/ -->\n<title>Pol\u00edtica de Cookies - Iniciaserveis<\/title>\n<meta name=\"robots\" content=\"index, follow, max-snippet:-1, max-image-preview:large, max-video-preview:-1\" \/>\n<link rel=\"canonical\" href=\"https:\/\/iniciaserveis.com\/politica-de-cookies\/\" \/>\n<meta property=\"og:locale\" content=\"ca_ES\" \/>\n<meta property=\"og:type\" content=\"article\" \/>\n<meta property=\"og:title\" content=\"Pol\u00edtica de Cookies - Iniciaserveis\" \/>\n<meta property=\"og:description\" content=\"Pol\u00edtica de Cookies Els hi informen que per un bon funcionament de la web iniciaserveis.com, el sistema de navegaci\u00f3 utilitza algunes dades de navegaci\u00f3 (\u201cCookies\u201d) per poder oferir un servei m\u00e9s acurat als usuaris de la web. Les \u201cCookies\u201d s\u00f3n petits arxius de text que el navegador emmagatzema quan es navega per llocs web i [&hellip;]\" \/>\n<meta property=\"og:url\" content=\"https:\/\/iniciaserveis.com\/politica-de-cookies\/\" \/>\n<meta property=\"og:site_name\" content=\"Iniciaserveis\" \/>\n<meta property=\"article:modified_time\" content=\"2022-03-16T16:53:58+00:00\" \/>\n<meta name=\"twitter:card\" content=\"summary_large_image\" \/>\n<meta name=\"twitter:label1\" content=\"Temps estimat de lectura\" \/>\n\t<meta name=\"twitter:data1\" content=\"4 minuts\" \/>\n<script type=\"application\/ld+json\" class=\"yoast-schema-graph\">{\"@context\":\"https:\/\/schema.org\",\"@graph\":[{\"@type\":\"WebPage\",\"@id\":\"https:\/\/iniciaserveis.com\/politica-de-cookies\/\",\"url\":\"https:\/\/iniciaserveis.com\/politica-de-cookies\/\",\"name\":\"Pol\u00edtica de Cookies - Iniciaserveis\",\"isPartOf\":{\"@id\":\"https:\/\/iniciaserveis.com\/#website\"},\"datePublished\":\"2022-03-16T16:53:57+00:00\",\"dateModified\":\"2022-03-16T16:53:58+00:00\",\"breadcrumb\":{\"@id\":\"https:\/\/iniciaserveis.com\/politica-de-cookies\/#breadcrumb\"},\"inLanguage\":\"ca\",\"potentialAction\":[{\"@type\":\"ReadAction\",\"target\":[\"https:\/\/iniciaserveis.com\/politica-de-cookies\/\"]}]},{\"@type\":\"BreadcrumbList\",\"@id\":\"https:\/\/iniciaserveis.com\/politica-de-cookies\/#breadcrumb\",\"itemListElement\":[{\"@type\":\"ListItem\",\"position\":1,\"name\":\"Inici\",\"item\":\"https:\/\/iniciaserveis.com\/ca\/\"},{\"@type\":\"ListItem\",\"position\":2,\"name\":\"Pol\u00edtica de Cookies\"}]},{\"@type\":\"WebSite\",\"@id\":\"https:\/\/iniciaserveis.com\/#website\",\"url\":\"https:\/\/iniciaserveis.com\/\",\"name\":\"Iniciaserveis\",\"description\":\"\",\"publisher\":{\"@id\":\"https:\/\/iniciaserveis.com\/#organization\"},\"potentialAction\":[{\"@type\":\"SearchAction\",\"target\":{\"@type\":\"EntryPoint\",\"urlTemplate\":\"https:\/\/iniciaserveis.com\/?s={search_term_string}\"},\"query-input\":{\"@type\":\"PropertyValueSpecification\",\"valueRequired\":true,\"valueName\":\"search_term_string\"}}],\"inLanguage\":\"ca\"},{\"@type\":\"Organization\",\"@id\":\"https:\/\/iniciaserveis.com\/#organization\",\"name\":\"Inicia Avantsystems, S.L.\",\"url\":\"https:\/\/iniciaserveis.com\/\",\"logo\":{\"@type\":\"ImageObject\",\"inLanguage\":\"ca\",\"@id\":\"https:\/\/iniciaserveis.com\/#\/schema\/logo\/image\/\",\"url\":\"https:\/\/iniciaserveis.com\/wp-content\/uploads\/2020\/04\/logo_300ppp.png\",\"contentUrl\":\"https:\/\/iniciaserveis.com\/wp-content\/uploads\/2020\/04\/logo_300ppp.png\",\"width\":1459,\"height\":280,\"caption\":\"Inicia Avantsystems, S.L.\"},\"image\":{\"@id\":\"https:\/\/iniciaserveis.com\/#\/schema\/logo\/image\/\"},\"sameAs\":[\"https:\/\/www.linkedin.com\/company\/iniciaserveis\",\"https:\/\/www.youtube.com\/channel\/UC4UsiGh9WQyBiMa9wFm1smw\"]}]}<\/script>\n<!-- \/ Yoast SEO plugin. -->","yoast_head_json":{"title":"Pol\u00edtica de Cookies - Iniciaserveis","robots":{"index":"index","follow":"follow","max-snippet":"max-snippet:-1","max-image-preview":"max-image-preview:large","max-video-preview":"max-video-preview:-1"},"canonical":"https:\/\/iniciaserveis.com\/politica-de-cookies\/","og_locale":"ca_ES","og_type":"article","og_title":"Pol\u00edtica de Cookies - Iniciaserveis","og_description":"Pol\u00edtica de Cookies Els hi informen que per un bon funcionament de la web iniciaserveis.com, el sistema de navegaci\u00f3 utilitza algunes dades de navegaci\u00f3 (\u201cCookies\u201d) per poder oferir un servei m\u00e9s acurat als usuaris de la web. Les \u201cCookies\u201d s\u00f3n petits arxius de text que el navegador emmagatzema quan es navega per llocs web i [&hellip;]","og_url":"https:\/\/iniciaserveis.com\/politica-de-cookies\/","og_site_name":"Iniciaserveis","article_modified_time":"2022-03-16T16:53:58+00:00","twitter_card":"summary_large_image","twitter_misc":{"Temps estimat de lectura":"4 minuts"},"schema":{"@context":"https:\/\/schema.org","@graph":[{"@type":"WebPage","@id":"https:\/\/iniciaserveis.com\/politica-de-cookies\/","url":"https:\/\/iniciaserveis.com\/politica-de-cookies\/","name":"Pol\u00edtica de Cookies - Iniciaserveis","isPartOf":{"@id":"https:\/\/iniciaserveis.com\/#website"},"datePublished":"2022-03-16T16:53:57+00:00","dateModified":"2022-03-16T16:53:58+00:00","breadcrumb":{"@id":"https:\/\/iniciaserveis.com\/politica-de-cookies\/#breadcrumb"},"inLanguage":"ca","potentialAction":[{"@type":"ReadAction","target":["https:\/\/iniciaserveis.com\/politica-de-cookies\/"]}]},{"@type":"BreadcrumbList","@id":"https:\/\/iniciaserveis.com\/politica-de-cookies\/#breadcrumb","itemListElement":[{"@type":"ListItem","position":1,"name":"Inici","item":"https:\/\/iniciaserveis.com\/ca\/"},{"@type":"ListItem","position":2,"name":"Pol\u00edtica de Cookies"}]},{"@type":"WebSite","@id":"https:\/\/iniciaserveis.com\/#website","url":"https:\/\/iniciaserveis.com\/","name":"Iniciaserveis","description":"","publisher":{"@id":"https:\/\/iniciaserveis.com\/#organization"},"potentialAction":[{"@type":"SearchAction","target":{"@type":"EntryPoint","urlTemplate":"https:\/\/iniciaserveis.com\/?s={search_term_string}"},"query-input":{"@type":"PropertyValueSpecification","valueRequired":true,"valueName":"search_term_string"}}],"inLanguage":"ca"},{"@type":"Organization","@id":"https:\/\/iniciaserveis.com\/#organization","name":"Inicia Avantsystems, S.L.","url":"https:\/\/iniciaserveis.com\/","logo":{"@type":"ImageObject","inLanguage":"ca","@id":"https:\/\/iniciaserveis.com\/#\/schema\/logo\/image\/","url":"https:\/\/iniciaserveis.com\/wp-content\/uploads\/2020\/04\/logo_300ppp.png","contentUrl":"https:\/\/iniciaserveis.com\/wp-content\/uploads\/2020\/04\/logo_300ppp.png","width":1459,"height":280,"caption":"Inicia Avantsystems, S.L."},"image":{"@id":"https:\/\/iniciaserveis.com\/#\/schema\/logo\/image\/"},"sameAs":["https:\/\/www.linkedin.com\/company\/iniciaserveis","https:\/\/www.youtube.com\/channel\/UC4UsiGh9WQyBiMa9wFm1smw"]}]}},"_links":{"self":[{"href":"https:\/\/iniciaserveis.com\/ca\/wp-json\/wp\/v2\/pages\/5070","targetHints":{"allow":["GET"]}}],"collection":[{"href":"https:\/\/iniciaserveis.com\/ca\/wp-json\/wp\/v2\/pages"}],"about":[{"href":"https:\/\/iniciaserveis.com\/ca\/wp-json\/wp\/v2\/types\/page"}],"author":[{"embeddable":true,"href":"https:\/\/iniciaserveis.com\/ca\/wp-json\/wp\/v2\/users\/4"}],"replies":[{"embeddable":true,"href":"https:\/\/iniciaserveis.com\/ca\/wp-json\/wp\/v2\/comments?post=5070"}],"version-history":[{"count":0,"href":"https:\/\/iniciaserveis.com\/ca\/wp-json\/wp\/v2\/pages\/5070\/revisions"}],"wp:attachment":[{"href":"https:\/\/iniciaserveis.com\/ca\/wp-json\/wp\/v2\/media?parent=5070"}],"curies":[{"name":"wp","href":"https:\/\/api.w.org\/{rel}","templated":true}]}}