{"id":5079,"date":"2022-03-16T17:56:56","date_gmt":"2022-03-16T16:56:56","guid":{"rendered":"https:\/\/iniciaserveis.com\/avis-legal-i-politica-de-privacitat\/"},"modified":"2022-03-16T17:56:57","modified_gmt":"2022-03-16T16:56:57","slug":"avis-legal-i-politica-de-privacitat","status":"publish","type":"page","link":"https:\/\/iniciaserveis.com\/ca\/avis-legal-i-politica-de-privacitat\/","title":{"rendered":"Av\u00eds legal i Pol\u00edtica de Privacitat"},"content":{"rendered":"\t\t<div data-elementor-type=\"wp-page\" data-elementor-id=\"5079\" class=\"elementor elementor-5079 elementor-804\" data-elementor-post-type=\"page\">\n\t\t\t\t\t\t<section class=\"elementor-section elementor-top-section elementor-element elementor-element-c68374f elementor-reverse-mobile elementor-section-boxed elementor-section-height-default elementor-section-height-default\" data-id=\"c68374f\" data-element_type=\"section\" data-e-type=\"section\">\n\t\t\t\t\t\t<div class=\"elementor-container elementor-column-gap-default\">\n\t\t\t\t\t<div class=\"elementor-column elementor-col-100 elementor-top-column elementor-element elementor-element-fdf4e91\" data-id=\"fdf4e91\" data-element_type=\"column\" data-e-type=\"column\">\n\t\t\t<div class=\"elementor-widget-wrap elementor-element-populated\">\n\t\t\t\t\t\t<div class=\"elementor-element elementor-element-27629c3 elementor-widget elementor-widget-heading\" data-id=\"27629c3\" data-element_type=\"widget\" data-e-type=\"widget\" data-widget_type=\"heading.default\">\n\t\t\t\t<div class=\"elementor-widget-container\">\n\t\t\t\t\t<p class=\"elementor-heading-title elementor-size-default\">Av\u00eds legal i Pol\u00edtica de Privacitat<\/p>\t\t\t\t<\/div>\n\t\t\t\t<\/div>\n\t\t\t\t<div class=\"elementor-element elementor-element-2e132be elementor-widget elementor-widget-text-editor\" data-id=\"2e132be\" data-element_type=\"widget\" data-e-type=\"widget\" data-widget_type=\"text-editor.default\">\n\t\t\t\t<div class=\"elementor-widget-container\">\n\t\t\t\t\t\t\t\t\t<p><strong>INFORMACI\u00d3 LEGAL LSSIICE<\/strong><\/p>\n<p>D\u2019acord amb les obligacions previstes en la Llei 34\/2002, de Serveis de la Societat de la Informaci\u00f3 i de Comer\u00e7 Electr\u00f2nic (en endavant LSSICE), INICIA AVANTSYSTEMS SL manifesta que el domini iniciaserveis.com es propietat d\u2019INICIA AVANTSYSTEMS SL, amb CIF B55369953, i amb domicili a C\/ IBERIA N\u00ba 3 LOCAL 3-5 , 17005 \u2013 GIRONA.<\/p>\n<p>INICIA AVANTSYSTEMS SL no pot assumir cap responsabilitat derivada de l\u2019\u00fas incorrecte, inadequat o il\u00b7l\u00edcit de la informaci\u00f3 apareguda en les seves p\u00e0gines d\u2019Internet. Amb els l\u00edmits establerts en la llei, INICIA AVANTSYSTEMS SL no assumeix cap responsabilitat derivada de la falta de veracitat, integritat, actualitzaci\u00f3 i precisi\u00f3 de les dades o informacions que es contenen en les seves p\u00e0gines d\u2019Internet.<\/p>\n<p>Els continguts i informaci\u00f3 de les p\u00e0gines d\u2019Internet d\u2019INICIA AVANTSYSTEMS SL estan elaborades per professionals de la mateixa degudament qualificats per a l\u2019exercici de la seva professi\u00f3. No obstant aix\u00f2, els continguts i informaci\u00f3 no vinculen a l\u2019esmentada corporaci\u00f3 ni constitueixen opinions, consells o assessorament legal de cap tipus, doncs es tracta merament d\u2019un servei ofert amb car\u00e0cter informatiu i divulgatiu. Les p\u00e0gines d\u2019Internet d\u2019INICIA AVANTSYSTEMS SL poden contenir enlla\u00e7os (links) a altres p\u00e0gines de terceres parts. Per tant, aquesta no pot assumir responsabilitats pel contingut que pugui apar\u00e8ixer en p\u00e0gines de tercers. Els textos, imatges, sons, animacions, programari i la resta de continguts inclosos en aquest website s\u00f3n propietat exclusiva d\u2019INICIA AVANTSYSTEMS SL o les seves llicenciants. Qualsevol acte de transmissi\u00f3, distribuci\u00f3, cessi\u00f3, reproducci\u00f3, emmagatzematge o comunicaci\u00f3 p\u00fablica total o parcial, ha de comptar amb el consentiment expr\u00e9s d\u2019INICIA AVANTSYSTEMS SL.<\/p>\n<p>De la mateixa manera es reserva el dret a retirar l\u2019acc\u00e9s al Portal, sense necessitat de previ av\u00eds, a qualsevol usuari que contravingui el disposat en aquest av\u00eds legal.<\/p>\n<p><strong>PROTECCI\u00d3 DE DADES PERSONALS<\/strong><\/p>\n<p>En virtut de la normativa de Protecci\u00f3 de Dades de Car\u00e0cter Personal, per la present autoritza a que les dades personals facilitades siguin tractades en un fitxer denominat Contactes responsabilitat d\u2019INICIA AVANTSYSTEMS SL, CIF: B55369953.<\/p>\n<p>La finalitat d\u2019aquest tractament \u00e9s la gesti\u00f3 i control del correu electr\u00f2nic aix\u00ed com l\u2019agenda de contactes.<\/p>\n<p>Aquestes dades no seran transmeses a terceres persones i tan sols seran conservades durant es mantingui l\u2019inter\u00e8s leg\u00edtim que va ocasionar el seu tractament.<\/p>\n<p>En qualsevol cas podr\u00e0 indicar la revocaci\u00f3 del consentiment atorgat, aix\u00ed com exercitar els drets d\u2019acc\u00e9s, rectificaci\u00f3 o supressi\u00f3, la limitaci\u00f3 del tractament o oposar-se, aix\u00ed com el dret a la portabilitat de les dades. Aquestes peticions caldr\u00e0 que es faci a C\/ IBERIA N\u00ba 3 LOCAL 3-5 , 17005 GIRONA o b\u00e9, enviar un correu electr\u00f2nic a <span \n                data-original-string='t7zazYB48YM5AXKxj9U5pw==0adu7\/mR3OT1SremolLYGNC\/MfRbEM09JLw7OFOgzUdVZQ='\n                class='apbct-email-encoder'\n                title='This contact has been encoded by Anti-Spam by CleanTalk. Click to decode. To finish the decoding make sure that JavaScript is enabled in your browser.'>in<span class=\"apbct-blur\">**<\/span>@<span class=\"apbct-blur\">***********<\/span>is.com<\/span>.<\/p>\n<p>Aix\u00ed mateix, podr\u00e0 presentar una reclamaci\u00f3 davant l\u2019Ag\u00e8ncia Espanyola de Protecci\u00f3 de Dades.<\/p>\n<p><strong>PROPIETAT INDUSTRIAL I INTEL\u00b7LECTUAL<\/strong><\/p>\n<p>Aquesta web \u00e9s propietat d\u2019INICIA AVANTSYSTEMS SL. Els drets de Propietat Intel\u00b7lectual i drets d\u2019explotaci\u00f3 i reproducci\u00f3 d\u2019aquesta web, de les seves p\u00e0gines, pantalles, la Informaci\u00f3 que contenen, la seva aparen\u00e7a i disseny, aix\u00ed com els vincles (\u201chiperlinks\u201d) que s\u2019estableixin des d\u2019ella a altres p\u00e0gines web de qualsevol centre adscrits o organisme depenent, s\u00f3n propietat exclusiva d\u2019aquesta, tret que expressament s\u2019especifiqui altra cosa.<\/p>\n<p>Qualsevol denominacions, dissenys i\/o logotips, aix\u00ed com qualsevol producte o servei oferts i reflectits en aquesta p\u00e0gina web, s\u00f3n marques degudament registrades per INICIA AVANTSYSTEMS SL, per les seves societats filials i\/o dominades o per tercers.<\/p>\n<p>Qualsevol \u00fas indegut de les mateixes per persones diferents del seu leg\u00edtim titular i sense el consentiment expr\u00e9s i inequ\u00edvoc per part d\u2019aquest podr\u00e0 ser denunciat i perseguit a trav\u00e9s de tots els mitjans legals existents en l\u2019Ordenament Jur\u00eddic espanyol i\/o comunitari.<\/p>\n<p>Els drets de propietat intel\u00b7lectual i marques de tercers estan destacats convenientment i han de ser respectats per tot aquell que accedeixi a aquesta p\u00e0gina, no sent responsabilitat d\u2019INICIA AVANTSYSTEMS SL l\u2019\u00fas que L\u2019USUARI pugui portar a terme referent a aix\u00f2, recaient la responsabilitat exclusiva en la seva persona.<\/p>\n<p>Nom\u00e9s per a \u00fas personal i privat es permet descarregar els continguts, copiar o imprimir qualsevol p\u00e0gina d\u2019aquesta web. Queda prohibit reproduir, transmetre, modificar o suprimir la informaci\u00f3, contingut o advertiments d\u2019aquesta web sense la pr\u00e8via autoritzaci\u00f3 per escrit d\u2019INICIA AVANTSYSTEMS SL<\/p>\n<p>INICIA AVANTSYSTEMS SL no transfereix als usuaris la propietat del seu software.<\/p>\n<p>L\u2019usuari \u00c9s el propietari del suport en el qual el software es gravat. INICIA AVANTSYSTEMS SL poseeix tots els drets de propietat industrial i intel\u00b7lectual, incloent el software. Si l\u2019 usuari transfereix software d\u2019 aquest website al seu terminal, no podr\u00e0 disseccionar pel seu estudi i descompilar, traduir la versi\u00f3 del codi objecte original o el seu llenguatge a un altre codi o llenguatge.<\/p>\n<p><strong>LLEI APLICABLE I JURISDICCI\u00d3<\/strong><\/p>\n<p>Les presents condicions generals es regeixen per la Legislaci\u00f3 espanyola, sent competents els Jutjats i Tribunals espanyols per a con\u00e8ixer de quantes q\u00fcestions se suscitin sobre la interpretaci\u00f3, aplicaci\u00f3 i compliment de les mateixes. L\u2019USUARI, en virtut de la seva acceptaci\u00f3 a les condicions generals recollides en aquest av\u00eds legal, renuncia expressament a qualsevol fur que, per aplicaci\u00f3 de la Llei d\u2019Enjudiciament Civil vigent pogu\u00e9s correspondre-li.<\/p>\n\t\t\t\t\t\t\t\t<\/div>\n\t\t\t\t<\/div>\n\t\t\t\t\t<\/div>\n\t\t<\/div>\n\t\t\t\t\t<\/div>\n\t\t<\/section>\n\t\t\t\t<\/div>\n\t\t","protected":false},"excerpt":{"rendered":"<p>Av\u00eds legal i Pol\u00edtica de Privacitat INFORMACI\u00d3 LEGAL LSSIICE D\u2019acord amb les obligacions previstes en la Llei 34\/2002, de Serveis de la Societat de la Informaci\u00f3 i de Comer\u00e7 Electr\u00f2nic (en endavant LSSICE), INICIA AVANTSYSTEMS SL manifesta que el domini iniciaserveis.com es propietat d\u2019INICIA AVANTSYSTEMS SL, amb CIF B55369953, i amb domicili a C\/ IBERIA [&hellip;]<\/p>\n","protected":false},"author":4,"featured_media":0,"parent":0,"menu_order":27,"comment_status":"closed","ping_status":"closed","template":"","meta":{"footnotes":""},"class_list":["post-5079","page","type-page","status-publish","hentry"],"yoast_head":"<!-- This site is optimized with the Yoast SEO plugin v27.2 - https:\/\/yoast.com\/product\/yoast-seo-wordpress\/ -->\n<title>Av\u00eds legal i Pol\u00edtica de Privacitat - Iniciaserveis<\/title>\n<meta name=\"robots\" content=\"index, follow, max-snippet:-1, max-image-preview:large, max-video-preview:-1\" \/>\n<link rel=\"canonical\" href=\"https:\/\/iniciaserveis.com\/aviso-legal-y-politica-de-privacidad\/\" \/>\n<meta property=\"og:locale\" content=\"ca_ES\" \/>\n<meta property=\"og:type\" content=\"article\" \/>\n<meta property=\"og:title\" content=\"Av\u00eds legal i Pol\u00edtica de Privacitat - Iniciaserveis\" \/>\n<meta property=\"og:description\" content=\"Av\u00eds legal i Pol\u00edtica de Privacitat INFORMACI\u00d3 LEGAL LSSIICE D\u2019acord amb les obligacions previstes en la Llei 34\/2002, de Serveis de la Societat de la Informaci\u00f3 i de Comer\u00e7 Electr\u00f2nic (en endavant LSSICE), INICIA AVANTSYSTEMS SL manifesta que el domini iniciaserveis.com es propietat d\u2019INICIA AVANTSYSTEMS SL, amb CIF B55369953, i amb domicili a C\/ IBERIA [&hellip;]\" \/>\n<meta property=\"og:url\" content=\"https:\/\/iniciaserveis.com\/aviso-legal-y-politica-de-privacidad\/\" \/>\n<meta property=\"og:site_name\" content=\"Iniciaserveis\" \/>\n<meta property=\"article:modified_time\" content=\"2022-03-16T16:56:57+00:00\" \/>\n<meta name=\"twitter:card\" content=\"summary_large_image\" \/>\n<meta name=\"twitter:label1\" content=\"Temps estimat de lectura\" \/>\n\t<meta name=\"twitter:data1\" content=\"5 minuts\" \/>\n<script type=\"application\/ld+json\" class=\"yoast-schema-graph\">{\"@context\":\"https:\/\/schema.org\",\"@graph\":[{\"@type\":\"WebPage\",\"@id\":\"https:\/\/iniciaserveis.com\/aviso-legal-y-politica-de-privacidad\/\",\"url\":\"https:\/\/iniciaserveis.com\/aviso-legal-y-politica-de-privacidad\/\",\"name\":\"Av\u00eds legal i Pol\u00edtica de Privacitat - Iniciaserveis\",\"isPartOf\":{\"@id\":\"https:\/\/iniciaserveis.com\/#website\"},\"datePublished\":\"2022-03-16T16:56:56+00:00\",\"dateModified\":\"2022-03-16T16:56:57+00:00\",\"breadcrumb\":{\"@id\":\"https:\/\/iniciaserveis.com\/aviso-legal-y-politica-de-privacidad\/#breadcrumb\"},\"inLanguage\":\"ca\",\"potentialAction\":[{\"@type\":\"ReadAction\",\"target\":[\"https:\/\/iniciaserveis.com\/aviso-legal-y-politica-de-privacidad\/\"]}]},{\"@type\":\"BreadcrumbList\",\"@id\":\"https:\/\/iniciaserveis.com\/aviso-legal-y-politica-de-privacidad\/#breadcrumb\",\"itemListElement\":[{\"@type\":\"ListItem\",\"position\":1,\"name\":\"Inici\",\"item\":\"https:\/\/iniciaserveis.com\/ca\/\"},{\"@type\":\"ListItem\",\"position\":2,\"name\":\"Av\u00eds legal i Pol\u00edtica de Privacitat\"}]},{\"@type\":\"WebSite\",\"@id\":\"https:\/\/iniciaserveis.com\/#website\",\"url\":\"https:\/\/iniciaserveis.com\/\",\"name\":\"Iniciaserveis\",\"description\":\"\",\"publisher\":{\"@id\":\"https:\/\/iniciaserveis.com\/#organization\"},\"potentialAction\":[{\"@type\":\"SearchAction\",\"target\":{\"@type\":\"EntryPoint\",\"urlTemplate\":\"https:\/\/iniciaserveis.com\/?s={search_term_string}\"},\"query-input\":{\"@type\":\"PropertyValueSpecification\",\"valueRequired\":true,\"valueName\":\"search_term_string\"}}],\"inLanguage\":\"ca\"},{\"@type\":\"Organization\",\"@id\":\"https:\/\/iniciaserveis.com\/#organization\",\"name\":\"Inicia Avantsystems, S.L.\",\"url\":\"https:\/\/iniciaserveis.com\/\",\"logo\":{\"@type\":\"ImageObject\",\"inLanguage\":\"ca\",\"@id\":\"https:\/\/iniciaserveis.com\/#\/schema\/logo\/image\/\",\"url\":\"https:\/\/iniciaserveis.com\/wp-content\/uploads\/2020\/04\/logo_300ppp.png\",\"contentUrl\":\"https:\/\/iniciaserveis.com\/wp-content\/uploads\/2020\/04\/logo_300ppp.png\",\"width\":1459,\"height\":280,\"caption\":\"Inicia Avantsystems, S.L.\"},\"image\":{\"@id\":\"https:\/\/iniciaserveis.com\/#\/schema\/logo\/image\/\"},\"sameAs\":[\"https:\/\/www.linkedin.com\/company\/iniciaserveis\",\"https:\/\/www.youtube.com\/channel\/UC4UsiGh9WQyBiMa9wFm1smw\"]}]}<\/script>\n<!-- \/ Yoast SEO plugin. -->","yoast_head_json":{"title":"Av\u00eds legal i Pol\u00edtica de Privacitat - Iniciaserveis","robots":{"index":"index","follow":"follow","max-snippet":"max-snippet:-1","max-image-preview":"max-image-preview:large","max-video-preview":"max-video-preview:-1"},"canonical":"https:\/\/iniciaserveis.com\/aviso-legal-y-politica-de-privacidad\/","og_locale":"ca_ES","og_type":"article","og_title":"Av\u00eds legal i Pol\u00edtica de Privacitat - Iniciaserveis","og_description":"Av\u00eds legal i Pol\u00edtica de Privacitat INFORMACI\u00d3 LEGAL LSSIICE D\u2019acord amb les obligacions previstes en la Llei 34\/2002, de Serveis de la Societat de la Informaci\u00f3 i de Comer\u00e7 Electr\u00f2nic (en endavant LSSICE), INICIA AVANTSYSTEMS SL manifesta que el domini iniciaserveis.com es propietat d\u2019INICIA AVANTSYSTEMS SL, amb CIF B55369953, i amb domicili a C\/ IBERIA [&hellip;]","og_url":"https:\/\/iniciaserveis.com\/aviso-legal-y-politica-de-privacidad\/","og_site_name":"Iniciaserveis","article_modified_time":"2022-03-16T16:56:57+00:00","twitter_card":"summary_large_image","twitter_misc":{"Temps estimat de lectura":"5 minuts"},"schema":{"@context":"https:\/\/schema.org","@graph":[{"@type":"WebPage","@id":"https:\/\/iniciaserveis.com\/aviso-legal-y-politica-de-privacidad\/","url":"https:\/\/iniciaserveis.com\/aviso-legal-y-politica-de-privacidad\/","name":"Av\u00eds legal i Pol\u00edtica de Privacitat - Iniciaserveis","isPartOf":{"@id":"https:\/\/iniciaserveis.com\/#website"},"datePublished":"2022-03-16T16:56:56+00:00","dateModified":"2022-03-16T16:56:57+00:00","breadcrumb":{"@id":"https:\/\/iniciaserveis.com\/aviso-legal-y-politica-de-privacidad\/#breadcrumb"},"inLanguage":"ca","potentialAction":[{"@type":"ReadAction","target":["https:\/\/iniciaserveis.com\/aviso-legal-y-politica-de-privacidad\/"]}]},{"@type":"BreadcrumbList","@id":"https:\/\/iniciaserveis.com\/aviso-legal-y-politica-de-privacidad\/#breadcrumb","itemListElement":[{"@type":"ListItem","position":1,"name":"Inici","item":"https:\/\/iniciaserveis.com\/ca\/"},{"@type":"ListItem","position":2,"name":"Av\u00eds legal i Pol\u00edtica de Privacitat"}]},{"@type":"WebSite","@id":"https:\/\/iniciaserveis.com\/#website","url":"https:\/\/iniciaserveis.com\/","name":"Iniciaserveis","description":"","publisher":{"@id":"https:\/\/iniciaserveis.com\/#organization"},"potentialAction":[{"@type":"SearchAction","target":{"@type":"EntryPoint","urlTemplate":"https:\/\/iniciaserveis.com\/?s={search_term_string}"},"query-input":{"@type":"PropertyValueSpecification","valueRequired":true,"valueName":"search_term_string"}}],"inLanguage":"ca"},{"@type":"Organization","@id":"https:\/\/iniciaserveis.com\/#organization","name":"Inicia Avantsystems, S.L.","url":"https:\/\/iniciaserveis.com\/","logo":{"@type":"ImageObject","inLanguage":"ca","@id":"https:\/\/iniciaserveis.com\/#\/schema\/logo\/image\/","url":"https:\/\/iniciaserveis.com\/wp-content\/uploads\/2020\/04\/logo_300ppp.png","contentUrl":"https:\/\/iniciaserveis.com\/wp-content\/uploads\/2020\/04\/logo_300ppp.png","width":1459,"height":280,"caption":"Inicia Avantsystems, S.L."},"image":{"@id":"https:\/\/iniciaserveis.com\/#\/schema\/logo\/image\/"},"sameAs":["https:\/\/www.linkedin.com\/company\/iniciaserveis","https:\/\/www.youtube.com\/channel\/UC4UsiGh9WQyBiMa9wFm1smw"]}]}},"_links":{"self":[{"href":"https:\/\/iniciaserveis.com\/ca\/wp-json\/wp\/v2\/pages\/5079","targetHints":{"allow":["GET"]}}],"collection":[{"href":"https:\/\/iniciaserveis.com\/ca\/wp-json\/wp\/v2\/pages"}],"about":[{"href":"https:\/\/iniciaserveis.com\/ca\/wp-json\/wp\/v2\/types\/page"}],"author":[{"embeddable":true,"href":"https:\/\/iniciaserveis.com\/ca\/wp-json\/wp\/v2\/users\/4"}],"replies":[{"embeddable":true,"href":"https:\/\/iniciaserveis.com\/ca\/wp-json\/wp\/v2\/comments?post=5079"}],"version-history":[{"count":0,"href":"https:\/\/iniciaserveis.com\/ca\/wp-json\/wp\/v2\/pages\/5079\/revisions"}],"wp:attachment":[{"href":"https:\/\/iniciaserveis.com\/ca\/wp-json\/wp\/v2\/media?parent=5079"}],"curies":[{"name":"wp","href":"https:\/\/api.w.org\/{rel}","templated":true}]}}