{"id":5111,"date":"2022-03-16T20:18:31","date_gmt":"2022-03-16T19:18:31","guid":{"rendered":"https:\/\/iniciaserveis.com\/servei-dassistencia-tecnica-sat\/"},"modified":"2023-10-08T11:55:41","modified_gmt":"2023-10-08T09:55:41","slug":"servei-dassistencia-tecnica-sat","status":"publish","type":"page","link":"https:\/\/iniciaserveis.com\/ca\/servei-dassistencia-tecnica-sat\/","title":{"rendered":"Servei d&#8217;Assist\u00e8ncia T\u00e8cnica (SAT)"},"content":{"rendered":"\t\t<div data-elementor-type=\"wp-page\" data-elementor-id=\"5111\" class=\"elementor elementor-5111 elementor-789\" data-elementor-post-type=\"page\">\n\t\t\t\t\t\t<section class=\"elementor-section elementor-top-section elementor-element elementor-element-2c0411c8 elementor-reverse-mobile elementor-section-boxed elementor-section-height-default elementor-section-height-default\" data-id=\"2c0411c8\" data-element_type=\"section\" data-e-type=\"section\">\n\t\t\t\t\t\t<div class=\"elementor-container elementor-column-gap-default\">\n\t\t\t\t\t<div class=\"elementor-column elementor-col-50 elementor-top-column elementor-element elementor-element-3315d398\" data-id=\"3315d398\" data-element_type=\"column\" data-e-type=\"column\">\n\t\t\t<div class=\"elementor-widget-wrap elementor-element-populated\">\n\t\t\t\t\t\t<div class=\"elementor-element elementor-element-45f48500 elementor-widget elementor-widget-heading\" data-id=\"45f48500\" data-element_type=\"widget\" data-e-type=\"widget\" data-widget_type=\"heading.default\">\n\t\t\t\t<div class=\"elementor-widget-container\">\n\t\t\t\t\t<h2 class=\"elementor-heading-title elementor-size-default\">Servei d'Assist\u00e8ncia T\u00e8cnica (SAT)<\/h2>\t\t\t\t<\/div>\n\t\t\t\t<\/div>\n\t\t\t\t<div class=\"elementor-element elementor-element-3af4c771 elementor-widget elementor-widget-text-editor\" data-id=\"3af4c771\" data-element_type=\"widget\" data-e-type=\"widget\" data-widget_type=\"text-editor.default\">\n\t\t\t\t<div class=\"elementor-widget-container\">\n\t\t\t\t\t\t\t\t\tEn cas d\u2019avaria o manteniment de qualsevol dels productes que comercialitzem,\u00a0<b>Inicia<\/b>serveis\u00ae li garanteix un servei t\u00e8cnic r\u00e0pid i eficient.\u00a0Si cal, en funci\u00f3 de l\u2019aparell a reparar, li podr\u00edem facilitar les peces de recanvi.\r\n\r\nEls SAT estan regulats pel Reial Decret 58\/1988, del 29 de gener (BOE n\u00fam 29, del 3 de febrer de 1988).\t\t\t\t\t\t\t\t<\/div>\n\t\t\t\t<\/div>\n\t\t\t\t<section class=\"elementor-section elementor-inner-section elementor-element elementor-element-a957f40 elementor-section-content-middle elementor-section-boxed elementor-section-height-default elementor-section-height-default\" data-id=\"a957f40\" data-element_type=\"section\" data-e-type=\"section\" data-settings=\"{&quot;background_background&quot;:&quot;classic&quot;}\">\n\t\t\t\t\t\t<div class=\"elementor-container elementor-column-gap-default\">\n\t\t\t\t\t<div class=\"elementor-column elementor-col-100 elementor-inner-column elementor-element elementor-element-96b29e9\" data-id=\"96b29e9\" data-element_type=\"column\" data-e-type=\"column\">\n\t\t\t<div class=\"elementor-widget-wrap elementor-element-populated\">\n\t\t\t\t\t\t<div class=\"elementor-element elementor-element-a34dfaf elementor-widget elementor-widget-heading\" data-id=\"a34dfaf\" data-element_type=\"widget\" data-e-type=\"widget\" data-widget_type=\"heading.default\">\n\t\t\t\t<div class=\"elementor-widget-container\">\n\t\t\t\t\t<p class=\"elementor-heading-title elementor-size-default\">TEL\u00c8FONS DE CONTACTE:<\/p>\t\t\t\t<\/div>\n\t\t\t\t<\/div>\n\t\t\t\t\t<\/div>\n\t\t<\/div>\n\t\t\t\t\t<\/div>\n\t\t<\/section>\n\t\t\t\t<section class=\"elementor-section elementor-inner-section elementor-element elementor-element-e96ffa4 elementor-section-boxed elementor-section-height-default elementor-section-height-default\" data-id=\"e96ffa4\" data-element_type=\"section\" data-e-type=\"section\" data-settings=\"{&quot;background_background&quot;:&quot;classic&quot;}\">\n\t\t\t\t\t\t<div class=\"elementor-container elementor-column-gap-default\">\n\t\t\t\t\t<div class=\"elementor-column elementor-col-50 elementor-inner-column elementor-element elementor-element-0aa15a1\" data-id=\"0aa15a1\" data-element_type=\"column\" data-e-type=\"column\">\n\t\t\t<div class=\"elementor-widget-wrap elementor-element-populated\">\n\t\t\t\t\t\t<div class=\"elementor-element elementor-element-b20bade elementor-widget elementor-widget-text-editor\" data-id=\"b20bade\" data-element_type=\"widget\" data-e-type=\"widget\" data-widget_type=\"text-editor.default\">\n\t\t\t\t<div class=\"elementor-widget-container\">\n\t\t\t\t\t\t\t\t\t<p style=\"text-align: center;\"><strong>SAT INICIASERVEIS<br \/>\r\nGIRONA<\/strong><br \/>\r\n<a href=\"tel:+34687416207\">(+34) 687 41 62 07<\/a><\/p>\r\n\t\t\t\t\t\t\t\t<\/div>\n\t\t\t\t<\/div>\n\t\t\t\t\t<\/div>\n\t\t<\/div>\n\t\t\t\t<div class=\"elementor-column elementor-col-50 elementor-inner-column elementor-element elementor-element-4ac28f5\" data-id=\"4ac28f5\" data-element_type=\"column\" data-e-type=\"column\">\n\t\t\t<div class=\"elementor-widget-wrap elementor-element-populated\">\n\t\t\t\t\t\t<div class=\"elementor-element elementor-element-b1b7928 elementor-widget elementor-widget-text-editor\" data-id=\"b1b7928\" data-element_type=\"widget\" data-e-type=\"widget\" data-widget_type=\"text-editor.default\">\n\t\t\t\t<div class=\"elementor-widget-container\">\n\t\t\t\t\t\t\t\t\t<p style=\"text-align: center;\"><strong>SAT INICIASERVEIS<br \/>\r\nRATIONAL<\/strong><br \/>\r\n<a href=\"tel:+34646762300\">(+34) 646 76 23 00<\/a><\/p>\r\n\t\t\t\t\t\t\t\t<\/div>\n\t\t\t\t<\/div>\n\t\t\t\t\t<\/div>\n\t\t<\/div>\n\t\t\t\t\t<\/div>\n\t\t<\/section>\n\t\t\t\t<section class=\"elementor-section elementor-inner-section elementor-element elementor-element-8e3bf69 elementor-section-boxed elementor-section-height-default elementor-section-height-default\" data-id=\"8e3bf69\" data-element_type=\"section\" data-e-type=\"section\" data-settings=\"{&quot;background_background&quot;:&quot;classic&quot;}\">\n\t\t\t\t\t\t<div class=\"elementor-container elementor-column-gap-default\">\n\t\t\t\t\t<div class=\"elementor-column elementor-col-50 elementor-inner-column elementor-element elementor-element-6cb447a\" data-id=\"6cb447a\" data-element_type=\"column\" data-e-type=\"column\">\n\t\t\t<div class=\"elementor-widget-wrap elementor-element-populated\">\n\t\t\t\t\t\t<div class=\"elementor-element elementor-element-d349c06 elementor-widget elementor-widget-text-editor\" data-id=\"d349c06\" data-element_type=\"widget\" data-e-type=\"widget\" data-widget_type=\"text-editor.default\">\n\t\t\t\t<div class=\"elementor-widget-container\">\n\t\t\t\t\t\t\t\t\t<p style=\"text-align: center;\"><strong>SAT INICIASERVEIS<br \/>\r\nTARRAGONA<\/strong><br \/>\r\n<a href=\"tel:+34629705140\">(+34) 629 70 51 40<\/a><\/p>\r\n\t\t\t\t\t\t\t\t<\/div>\n\t\t\t\t<\/div>\n\t\t\t\t\t<\/div>\n\t\t<\/div>\n\t\t\t\t<div class=\"elementor-column elementor-col-50 elementor-inner-column elementor-element elementor-element-279fe73\" data-id=\"279fe73\" data-element_type=\"column\" data-e-type=\"column\">\n\t\t\t<div class=\"elementor-widget-wrap\">\n\t\t\t\t\t\t\t<\/div>\n\t\t<\/div>\n\t\t\t\t\t<\/div>\n\t\t<\/section>\n\t\t\t\t\t<\/div>\n\t\t<\/div>\n\t\t\t\t<div class=\"elementor-column elementor-col-50 elementor-top-column elementor-element elementor-element-7017304\" data-id=\"7017304\" data-element_type=\"column\" data-e-type=\"column\" data-settings=\"{&quot;background_background&quot;:&quot;classic&quot;}\">\n\t\t\t<div class=\"elementor-widget-wrap elementor-element-populated\">\n\t\t\t\t\t\t<div class=\"elementor-element elementor-element-464bca9 elementor-widget elementor-widget-image\" data-id=\"464bca9\" data-element_type=\"widget\" data-e-type=\"widget\" data-widget_type=\"image.default\">\n\t\t\t\t<div class=\"elementor-widget-container\">\n\t\t\t\t\t\t\t\t\t\t\t\t\t\t\t<img fetchpriority=\"high\" decoding=\"async\" width=\"1024\" height=\"749\" src=\"https:\/\/iniciaserveis.com\/wp-content\/uploads\/2020\/02\/imagen-servicio-tecnico.jpg\" class=\"attachment-full size-full wp-image-431\" alt=\"\" \/>\t\t\t\t\t\t\t\t\t\t\t\t\t\t\t<\/div>\n\t\t\t\t<\/div>\n\t\t\t\t\t<\/div>\n\t\t<\/div>\n\t\t\t\t\t<\/div>\n\t\t<\/section>\n\t\t\t\t<\/div>\n\t\t","protected":false},"excerpt":{"rendered":"<p>Servei d&#8217;Assist\u00e8ncia T\u00e8cnica (SAT) En cas d\u2019avaria o manteniment de qualsevol dels productes que comercialitzem,\u00a0Iniciaserveis\u00ae li garanteix un servei t\u00e8cnic r\u00e0pid i eficient.\u00a0Si cal, en funci\u00f3 de l\u2019aparell a reparar, li podr\u00edem facilitar les peces de recanvi. Els SAT estan regulats pel Reial Decret 58\/1988, del 29 de gener (BOE n\u00fam 29, del 3 de [&hellip;]<\/p>\n","protected":false},"author":4,"featured_media":0,"parent":0,"menu_order":24,"comment_status":"closed","ping_status":"closed","template":"","meta":{"footnotes":""},"class_list":["post-5111","page","type-page","status-publish","hentry"],"yoast_head":"<!-- This site is optimized with the Yoast SEO plugin v27.2 - https:\/\/yoast.com\/product\/yoast-seo-wordpress\/ -->\n<title>Servei d&#039;Assist\u00e8ncia T\u00e8cnica (SAT) - Iniciaserveis<\/title>\n<meta name=\"description\" content=\"Servei d&#039;Assist\u00e8ncia T\u00e8cnica (SAT) per avaria o manteniment de qualsevol dels productes d&#039;Iniciaserveis\u00ae. Servei t\u00e8cnic r\u00e0pid i eficient.\" \/>\n<meta name=\"robots\" content=\"index, follow, max-snippet:-1, max-image-preview:large, max-video-preview:-1\" \/>\n<link rel=\"canonical\" href=\"https:\/\/iniciaserveis.com\/servicio-de-asistencia-tecnica-sat\/\" \/>\n<meta property=\"og:locale\" content=\"ca_ES\" \/>\n<meta property=\"og:type\" content=\"article\" \/>\n<meta property=\"og:title\" content=\"Servei d&#039;Assist\u00e8ncia T\u00e8cnica (SAT) - Iniciaserveis\" \/>\n<meta property=\"og:description\" content=\"Servei d&#039;Assist\u00e8ncia T\u00e8cnica (SAT) per avaria o manteniment de qualsevol dels productes d&#039;Iniciaserveis\u00ae. Servei t\u00e8cnic r\u00e0pid i eficient.\" \/>\n<meta property=\"og:url\" content=\"https:\/\/iniciaserveis.com\/servicio-de-asistencia-tecnica-sat\/\" \/>\n<meta property=\"og:site_name\" content=\"Iniciaserveis\" \/>\n<meta property=\"article:modified_time\" content=\"2023-10-08T09:55:41+00:00\" \/>\n<meta property=\"og:image\" content=\"https:\/\/iniciaserveis.com\/wp-content\/uploads\/2020\/02\/imagen-servicio-tecnico.jpg\" \/>\n<meta name=\"twitter:card\" content=\"summary_large_image\" \/>\n<script type=\"application\/ld+json\" class=\"yoast-schema-graph\">{\"@context\":\"https:\/\/schema.org\",\"@graph\":[{\"@type\":\"WebPage\",\"@id\":\"https:\/\/iniciaserveis.com\/servicio-de-asistencia-tecnica-sat\/\",\"url\":\"https:\/\/iniciaserveis.com\/servicio-de-asistencia-tecnica-sat\/\",\"name\":\"Servei d'Assist\u00e8ncia T\u00e8cnica (SAT) - Iniciaserveis\",\"isPartOf\":{\"@id\":\"https:\/\/iniciaserveis.com\/#website\"},\"primaryImageOfPage\":{\"@id\":\"https:\/\/iniciaserveis.com\/servicio-de-asistencia-tecnica-sat\/#primaryimage\"},\"image\":{\"@id\":\"https:\/\/iniciaserveis.com\/servicio-de-asistencia-tecnica-sat\/#primaryimage\"},\"thumbnailUrl\":\"https:\/\/iniciaserveis.com\/wp-content\/uploads\/2020\/02\/imagen-servicio-tecnico.jpg\",\"datePublished\":\"2022-03-16T19:18:31+00:00\",\"dateModified\":\"2023-10-08T09:55:41+00:00\",\"description\":\"Servei d'Assist\u00e8ncia T\u00e8cnica (SAT) per avaria o manteniment de qualsevol dels productes d'Iniciaserveis\u00ae. Servei t\u00e8cnic r\u00e0pid i eficient.\",\"breadcrumb\":{\"@id\":\"https:\/\/iniciaserveis.com\/servicio-de-asistencia-tecnica-sat\/#breadcrumb\"},\"inLanguage\":\"ca\",\"potentialAction\":[{\"@type\":\"ReadAction\",\"target\":[\"https:\/\/iniciaserveis.com\/servicio-de-asistencia-tecnica-sat\/\"]}]},{\"@type\":\"ImageObject\",\"inLanguage\":\"ca\",\"@id\":\"https:\/\/iniciaserveis.com\/servicio-de-asistencia-tecnica-sat\/#primaryimage\",\"url\":\"https:\/\/iniciaserveis.com\/wp-content\/uploads\/2020\/02\/imagen-servicio-tecnico.jpg\",\"contentUrl\":\"https:\/\/iniciaserveis.com\/wp-content\/uploads\/2020\/02\/imagen-servicio-tecnico.jpg\"},{\"@type\":\"BreadcrumbList\",\"@id\":\"https:\/\/iniciaserveis.com\/servicio-de-asistencia-tecnica-sat\/#breadcrumb\",\"itemListElement\":[{\"@type\":\"ListItem\",\"position\":1,\"name\":\"Inici\",\"item\":\"https:\/\/iniciaserveis.com\/ca\/\"},{\"@type\":\"ListItem\",\"position\":2,\"name\":\"Servei d&#8217;Assist\u00e8ncia T\u00e8cnica (SAT)\"}]},{\"@type\":\"WebSite\",\"@id\":\"https:\/\/iniciaserveis.com\/#website\",\"url\":\"https:\/\/iniciaserveis.com\/\",\"name\":\"Iniciaserveis\",\"description\":\"\",\"publisher\":{\"@id\":\"https:\/\/iniciaserveis.com\/#organization\"},\"potentialAction\":[{\"@type\":\"SearchAction\",\"target\":{\"@type\":\"EntryPoint\",\"urlTemplate\":\"https:\/\/iniciaserveis.com\/?s={search_term_string}\"},\"query-input\":{\"@type\":\"PropertyValueSpecification\",\"valueRequired\":true,\"valueName\":\"search_term_string\"}}],\"inLanguage\":\"ca\"},{\"@type\":\"Organization\",\"@id\":\"https:\/\/iniciaserveis.com\/#organization\",\"name\":\"Inicia Avantsystems, S.L.\",\"url\":\"https:\/\/iniciaserveis.com\/\",\"logo\":{\"@type\":\"ImageObject\",\"inLanguage\":\"ca\",\"@id\":\"https:\/\/iniciaserveis.com\/#\/schema\/logo\/image\/\",\"url\":\"https:\/\/iniciaserveis.com\/wp-content\/uploads\/2020\/04\/logo_300ppp.png\",\"contentUrl\":\"https:\/\/iniciaserveis.com\/wp-content\/uploads\/2020\/04\/logo_300ppp.png\",\"width\":1459,\"height\":280,\"caption\":\"Inicia Avantsystems, S.L.\"},\"image\":{\"@id\":\"https:\/\/iniciaserveis.com\/#\/schema\/logo\/image\/\"},\"sameAs\":[\"https:\/\/www.linkedin.com\/company\/iniciaserveis\",\"https:\/\/www.youtube.com\/channel\/UC4UsiGh9WQyBiMa9wFm1smw\"]}]}<\/script>\n<!-- \/ Yoast SEO plugin. -->","yoast_head_json":{"title":"Servei d'Assist\u00e8ncia T\u00e8cnica (SAT) - Iniciaserveis","description":"Servei d'Assist\u00e8ncia T\u00e8cnica (SAT) per avaria o manteniment de qualsevol dels productes d'Iniciaserveis\u00ae. Servei t\u00e8cnic r\u00e0pid i eficient.","robots":{"index":"index","follow":"follow","max-snippet":"max-snippet:-1","max-image-preview":"max-image-preview:large","max-video-preview":"max-video-preview:-1"},"canonical":"https:\/\/iniciaserveis.com\/servicio-de-asistencia-tecnica-sat\/","og_locale":"ca_ES","og_type":"article","og_title":"Servei d'Assist\u00e8ncia T\u00e8cnica (SAT) - Iniciaserveis","og_description":"Servei d'Assist\u00e8ncia T\u00e8cnica (SAT) per avaria o manteniment de qualsevol dels productes d'Iniciaserveis\u00ae. Servei t\u00e8cnic r\u00e0pid i eficient.","og_url":"https:\/\/iniciaserveis.com\/servicio-de-asistencia-tecnica-sat\/","og_site_name":"Iniciaserveis","article_modified_time":"2023-10-08T09:55:41+00:00","og_image":[{"url":"https:\/\/iniciaserveis.com\/wp-content\/uploads\/2020\/02\/imagen-servicio-tecnico.jpg","type":"","width":"","height":""}],"twitter_card":"summary_large_image","schema":{"@context":"https:\/\/schema.org","@graph":[{"@type":"WebPage","@id":"https:\/\/iniciaserveis.com\/servicio-de-asistencia-tecnica-sat\/","url":"https:\/\/iniciaserveis.com\/servicio-de-asistencia-tecnica-sat\/","name":"Servei d'Assist\u00e8ncia T\u00e8cnica (SAT) - Iniciaserveis","isPartOf":{"@id":"https:\/\/iniciaserveis.com\/#website"},"primaryImageOfPage":{"@id":"https:\/\/iniciaserveis.com\/servicio-de-asistencia-tecnica-sat\/#primaryimage"},"image":{"@id":"https:\/\/iniciaserveis.com\/servicio-de-asistencia-tecnica-sat\/#primaryimage"},"thumbnailUrl":"https:\/\/iniciaserveis.com\/wp-content\/uploads\/2020\/02\/imagen-servicio-tecnico.jpg","datePublished":"2022-03-16T19:18:31+00:00","dateModified":"2023-10-08T09:55:41+00:00","description":"Servei d'Assist\u00e8ncia T\u00e8cnica (SAT) per avaria o manteniment de qualsevol dels productes d'Iniciaserveis\u00ae. Servei t\u00e8cnic r\u00e0pid i eficient.","breadcrumb":{"@id":"https:\/\/iniciaserveis.com\/servicio-de-asistencia-tecnica-sat\/#breadcrumb"},"inLanguage":"ca","potentialAction":[{"@type":"ReadAction","target":["https:\/\/iniciaserveis.com\/servicio-de-asistencia-tecnica-sat\/"]}]},{"@type":"ImageObject","inLanguage":"ca","@id":"https:\/\/iniciaserveis.com\/servicio-de-asistencia-tecnica-sat\/#primaryimage","url":"https:\/\/iniciaserveis.com\/wp-content\/uploads\/2020\/02\/imagen-servicio-tecnico.jpg","contentUrl":"https:\/\/iniciaserveis.com\/wp-content\/uploads\/2020\/02\/imagen-servicio-tecnico.jpg"},{"@type":"BreadcrumbList","@id":"https:\/\/iniciaserveis.com\/servicio-de-asistencia-tecnica-sat\/#breadcrumb","itemListElement":[{"@type":"ListItem","position":1,"name":"Inici","item":"https:\/\/iniciaserveis.com\/ca\/"},{"@type":"ListItem","position":2,"name":"Servei d&#8217;Assist\u00e8ncia T\u00e8cnica (SAT)"}]},{"@type":"WebSite","@id":"https:\/\/iniciaserveis.com\/#website","url":"https:\/\/iniciaserveis.com\/","name":"Iniciaserveis","description":"","publisher":{"@id":"https:\/\/iniciaserveis.com\/#organization"},"potentialAction":[{"@type":"SearchAction","target":{"@type":"EntryPoint","urlTemplate":"https:\/\/iniciaserveis.com\/?s={search_term_string}"},"query-input":{"@type":"PropertyValueSpecification","valueRequired":true,"valueName":"search_term_string"}}],"inLanguage":"ca"},{"@type":"Organization","@id":"https:\/\/iniciaserveis.com\/#organization","name":"Inicia Avantsystems, S.L.","url":"https:\/\/iniciaserveis.com\/","logo":{"@type":"ImageObject","inLanguage":"ca","@id":"https:\/\/iniciaserveis.com\/#\/schema\/logo\/image\/","url":"https:\/\/iniciaserveis.com\/wp-content\/uploads\/2020\/04\/logo_300ppp.png","contentUrl":"https:\/\/iniciaserveis.com\/wp-content\/uploads\/2020\/04\/logo_300ppp.png","width":1459,"height":280,"caption":"Inicia Avantsystems, S.L."},"image":{"@id":"https:\/\/iniciaserveis.com\/#\/schema\/logo\/image\/"},"sameAs":["https:\/\/www.linkedin.com\/company\/iniciaserveis","https:\/\/www.youtube.com\/channel\/UC4UsiGh9WQyBiMa9wFm1smw"]}]}},"_links":{"self":[{"href":"https:\/\/iniciaserveis.com\/ca\/wp-json\/wp\/v2\/pages\/5111","targetHints":{"allow":["GET"]}}],"collection":[{"href":"https:\/\/iniciaserveis.com\/ca\/wp-json\/wp\/v2\/pages"}],"about":[{"href":"https:\/\/iniciaserveis.com\/ca\/wp-json\/wp\/v2\/types\/page"}],"author":[{"embeddable":true,"href":"https:\/\/iniciaserveis.com\/ca\/wp-json\/wp\/v2\/users\/4"}],"replies":[{"embeddable":true,"href":"https:\/\/iniciaserveis.com\/ca\/wp-json\/wp\/v2\/comments?post=5111"}],"version-history":[{"count":0,"href":"https:\/\/iniciaserveis.com\/ca\/wp-json\/wp\/v2\/pages\/5111\/revisions"}],"wp:attachment":[{"href":"https:\/\/iniciaserveis.com\/ca\/wp-json\/wp\/v2\/media?parent=5111"}],"curies":[{"name":"wp","href":"https:\/\/api.w.org\/{rel}","templated":true}]}}