{"id":5119,"date":"2022-03-16T20:31:03","date_gmt":"2022-03-16T19:31:03","guid":{"rendered":"https:\/\/iniciaserveis.com\/contacte\/"},"modified":"2026-03-13T10:31:33","modified_gmt":"2026-03-13T09:31:33","slug":"contacte","status":"publish","type":"page","link":"https:\/\/iniciaserveis.com\/ca\/contacte\/","title":{"rendered":"Contacte"},"content":{"rendered":"\t\t<div data-elementor-type=\"wp-page\" data-elementor-id=\"5119\" class=\"elementor elementor-5119 elementor-794\" data-elementor-post-type=\"page\">\n\t\t\t\t\t\t<section class=\"elementor-section elementor-top-section elementor-element elementor-element-42326f3 elementor-reverse-mobile elementor-section-boxed elementor-section-height-default elementor-section-height-default\" data-id=\"42326f3\" data-element_type=\"section\" data-e-type=\"section\">\n\t\t\t\t\t\t<div class=\"elementor-container elementor-column-gap-default\">\n\t\t\t\t\t<div class=\"elementor-column elementor-col-50 elementor-top-column elementor-element elementor-element-f0dab79\" data-id=\"f0dab79\" data-element_type=\"column\" data-e-type=\"column\">\n\t\t\t<div class=\"elementor-widget-wrap elementor-element-populated\">\n\t\t\t\t\t\t<div class=\"elementor-element elementor-element-714a9b8 elementor-widget elementor-widget-heading\" data-id=\"714a9b8\" data-element_type=\"widget\" data-e-type=\"widget\" data-widget_type=\"heading.default\">\n\t\t\t\t<div class=\"elementor-widget-container\">\n\t\t\t\t\t<h1 class=\"elementor-heading-title elementor-size-default\">Contacte<\/h1>\t\t\t\t<\/div>\n\t\t\t\t<\/div>\n\t\t\t\t<div class=\"elementor-element elementor-element-bc444c7 elementor-widget elementor-widget-text-editor\" data-id=\"bc444c7\" data-element_type=\"widget\" data-e-type=\"widget\" data-widget_type=\"text-editor.default\">\n\t\t\t\t<div class=\"elementor-widget-container\">\n\t\t\t\t\t\t\t\t\t<p>Si t\u00e9 qualsevol dubte, pot utilitzar aquest formulari de contacte per fer-nos arribar els seus comentaris, preguntes o suggeriments sobre qualsevol dels nostres productes d\u2019<b>Inicia<\/b>serveis\u00ae.<\/p>\n<p>Ens posarem en contacte amb la m\u00e0xima rapidesa.<\/p>\n<p><b>Inicia Avantsystems, S.L.<\/b><br \/>c\/ Ib\u00e8ria 3-5 interior, baixos local 3<br \/>17005 \u2013 Girona<\/p>\n<p>Tel\u00e8fon:\u00a0<a href=\"tel:+34872010821\">+34 872 010 821<\/a><br \/>E-mail:\u00a0<a href=\"mailto:in**@***********is.com\" data-original-string=\"3jOVVnhSXuKfQUyy6FTs4w==0adFBiP2Snq9J0Ps7mcWLFHvSacJOYsUS7z2yJc38DFyxk=\" title=\"This contact has been encoded by Anti-Spam by CleanTalk. Click to decode. To finish the decoding make sure that JavaScript is enabled in your browser.\"><span \n                data-original-string='2uvlwAsU+5jB0dBNsXP5Qw==0adTDuO0gxF5Yvte8m6qvVpE8qbxNbUO18y4wdVHGuGZTI='\n                class='apbct-email-encoder'\n                title='This contact has been encoded by Anti-Spam by CleanTalk. Click to decode. To finish the decoding make sure that JavaScript is enabled in your browser.'>in<span class=\"apbct-blur\">**<\/span>@<span class=\"apbct-blur\">***********<\/span>is.com<\/span><\/a><\/p>\n\t\t\t\t\t\t\t\t<\/div>\n\t\t\t\t<\/div>\n\t\t\t\t\t<\/div>\n\t\t<\/div>\n\t\t\t\t<div class=\"elementor-column elementor-col-50 elementor-top-column elementor-element elementor-element-fd8cf83\" data-id=\"fd8cf83\" data-element_type=\"column\" data-e-type=\"column\">\n\t\t\t<div class=\"elementor-widget-wrap elementor-element-populated\">\n\t\t\t\t\t\t<div class=\"elementor-element elementor-element-9601653 elementor-button-align-start elementor-widget elementor-widget-form\" data-id=\"9601653\" data-element_type=\"widget\" data-e-type=\"widget\" data-settings=\"{&quot;step_next_label&quot;:&quot;Next&quot;,&quot;step_previous_label&quot;:&quot;Previous&quot;,&quot;button_width&quot;:&quot;100&quot;,&quot;step_type&quot;:&quot;number_text&quot;,&quot;step_icon_shape&quot;:&quot;circle&quot;}\" data-widget_type=\"form.default\">\n\t\t\t\t<div class=\"elementor-widget-container\">\n\t\t\t\t\t\t\t<form class=\"elementor-form\" method=\"post\" name=\"Nou formulari\" aria-label=\"Nou formulari\">\n\t\t\t<input type=\"hidden\" name=\"post_id\" value=\"5119\"\/>\n\t\t\t<input type=\"hidden\" name=\"form_id\" value=\"9601653\"\/>\n\t\t\t<input type=\"hidden\" name=\"referer_title\" value=\"Iniciaserveis l equipamiento y maquinaria para hosteler\u00eda.\" \/>\n\n\t\t\t\t\t\t\t<input type=\"hidden\" name=\"queried_id\" value=\"5119\"\/>\n\t\t\t\n\t\t\t<div class=\"elementor-form-fields-wrapper elementor-labels-above\">\n\t\t\t\t\t\t\t\t<div class=\"elementor-field-type-text elementor-field-group elementor-column elementor-field-group-name elementor-col-100 elementor-field-required elementor-mark-required\">\n\t\t\t\t\t\t\t\t\t\t\t\t<label for=\"form-field-name\" class=\"elementor-field-label\">\n\t\t\t\t\t\t\t\tNom\t\t\t\t\t\t\t<\/label>\n\t\t\t\t\t\t\t\t\t\t\t\t\t\t<input size=\"1\" type=\"text\" name=\"form_fields[name]\" id=\"form-field-name\" class=\"elementor-field elementor-size-md  elementor-field-textual\" placeholder=\"Nom\" required=\"required\">\n\t\t\t\t\t\t\t\t\t\t\t<\/div>\n\t\t\t\t\t\t\t\t<div class=\"elementor-field-type-email elementor-field-group elementor-column elementor-field-group-email elementor-col-100 elementor-field-required elementor-mark-required\">\n\t\t\t\t\t\t\t\t\t\t\t\t<label for=\"form-field-email\" class=\"elementor-field-label\">\n\t\t\t\t\t\t\t\tCorreu electr\u00f2nic\t\t\t\t\t\t\t<\/label>\n\t\t\t\t\t\t\t\t\t\t\t\t\t\t<input size=\"1\" type=\"email\" name=\"form_fields[email]\" id=\"form-field-email\" class=\"elementor-field elementor-size-md  elementor-field-textual\" placeholder=\"Correu electr\u00f2nic\" required=\"required\">\n\t\t\t\t\t\t\t\t\t\t\t<\/div>\n\t\t\t\t\t\t\t\t<div class=\"elementor-field-type-text elementor-field-group elementor-column elementor-field-group-field_1 elementor-col-100 elementor-field-required elementor-mark-required\">\n\t\t\t\t\t\t\t\t\t\t\t\t<label for=\"form-field-field_1\" class=\"elementor-field-label\">\n\t\t\t\t\t\t\t\tTel\u00e8fon\t\t\t\t\t\t\t<\/label>\n\t\t\t\t\t\t\t\t\t\t\t\t\t\t<input size=\"1\" type=\"text\" name=\"form_fields[field_1]\" id=\"form-field-field_1\" class=\"elementor-field elementor-size-md  elementor-field-textual\" placeholder=\"Tel\u00e8fon\" required=\"required\">\n\t\t\t\t\t\t\t\t\t\t\t<\/div>\n\t\t\t\t\t\t\t\t<div class=\"elementor-field-type-select elementor-field-group elementor-column elementor-field-group-source elementor-col-100 elementor-field-required elementor-mark-required\">\n\t\t\t\t\t\t\t\t\t\t\t\t<label for=\"form-field-source\" class=\"elementor-field-label\">\n\t\t\t\t\t\t\t\tCom ens ha conegut?\t\t\t\t\t\t\t<\/label>\n\t\t\t\t\t\t\t\t<div class=\"elementor-field elementor-select-wrapper remove-before \">\n\t\t\t<div class=\"select-caret-down-wrapper\">\n\t\t\t\t<i aria-hidden=\"true\" class=\"eicon-caret-down\"><\/i>\t\t\t<\/div>\n\t\t\t<select name=\"form_fields[source]\" id=\"form-field-source\" class=\"elementor-field-textual elementor-size-md\" required=\"required\">\n\t\t\t\t\t\t\t\t\t<option value=\"referral\">M&#039;ho han recomanat<\/option>\n\t\t\t\t\t\t\t\t\t<option value=\"instagram\">Instagram<\/option>\n\t\t\t\t\t\t\t\t\t<option value=\"facebook\">Facebook<\/option>\n\t\t\t\t\t\t\t\t\t<option value=\"linkedin\">LinkedIn<\/option>\n\t\t\t\t\t\t\t\t\t<option value=\"google\">Google<\/option>\n\t\t\t\t\t\t\t\t\t<option value=\"other\">Altres<\/option>\n\t\t\t\t\t\t\t<\/select>\n\t\t<\/div>\n\t\t\t\t\t\t<\/div>\n\t\t\t\t\t\t\t\t<div class=\"elementor-field-type-text elementor-field-group elementor-column elementor-field-group-altres_text elementor-col-100\">\n\t\t\t\t\t\t\t\t\t\t\t\t<label for=\"form-field-altres_text\" class=\"elementor-field-label\">\n\t\t\t\t\t\t\t\tSi ha triat \"Altres\", indica quin\t\t\t\t\t\t\t<\/label>\n\t\t\t\t\t\t\t\t\t\t\t\t\t\t<input size=\"1\" type=\"text\" name=\"form_fields[altres_text]\" id=\"form-field-altres_text\" class=\"elementor-field elementor-size-md  elementor-field-textual\">\n\t\t\t\t\t\t\t\t\t\t\t<\/div>\n\t\t\t\t\t\t\t\t<div class=\"elementor-field-type-text elementor-field-group elementor-column elementor-field-group-field_289141a elementor-col-100\">\n\t\t\t\t\t\t\t\t\t\t\t\t<label for=\"form-field-field_289141a\" class=\"elementor-field-label\">\n\t\t\t\t\t\t\t\tEn quin producte est\u00e0 interessat\/da?\t\t\t\t\t\t\t<\/label>\n\t\t\t\t\t\t\t\t\t\t\t\t\t\t<input size=\"1\" type=\"text\" name=\"form_fields[field_289141a]\" id=\"form-field-field_289141a\" class=\"elementor-field elementor-size-md  elementor-field-textual\" placeholder=\"En quin producte est\u00e0 interessat\/da?\">\n\t\t\t\t\t\t\t\t\t\t\t<\/div>\n\t\t\t\t\t\t\t\t<div class=\"elementor-field-type-textarea elementor-field-group elementor-column elementor-field-group-message elementor-col-100\">\n\t\t\t\t\t\t\t\t\t\t\t\t<label for=\"form-field-message\" class=\"elementor-field-label\">\n\t\t\t\t\t\t\t\tMissatge \t\t\t\t\t\t\t<\/label>\n\t\t\t\t\t\t<textarea class=\"elementor-field-textual elementor-field  elementor-size-md\" name=\"form_fields[message]\" id=\"form-field-message\" rows=\"6\" placeholder=\"Missatge \"><\/textarea>\t\t\t\t<\/div>\n\t\t\t\t\t\t\t\t<div class=\"elementor-field-type-acceptance elementor-field-group elementor-column elementor-field-group-field_2 elementor-col-100 elementor-field-required elementor-mark-required\">\n\t\t\t\t\t\t\t<div class=\"elementor-field-subgroup\">\n\t\t\t<span class=\"elementor-field-option\">\n\t\t\t\t<input type=\"checkbox\" name=\"form_fields[field_2]\" id=\"form-field-field_2\" class=\"elementor-field elementor-size-md  elementor-acceptance-field\" required=\"required\">\n\t\t\t\t<label for=\"form-field-field_2\">Entenc i accepto la <a href=\"https:\/\/www.iniciaserveis.com\/ca\/avis-legal-i-politica-de-privacitat\/\">pol\u00edtica de privacitat<\/a><\/label>\t\t\t<\/span>\n\t\t<\/div>\n\t\t\t\t\t\t<\/div>\n\t\t\t\t\t\t\t\t<div class=\"elementor-field-type-text\">\n\t\t\t\t\t<input size=\"1\" type=\"text\" name=\"form_fields[field_3]\" id=\"form-field-field_3\" class=\"elementor-field elementor-size-md \" style=\"display:none !important;\">\t\t\t\t<\/div>\n\t\t\t\t\t\t\t\t<div class=\"elementor-field-type-hidden elementor-field-group elementor-column elementor-field-group-form_ts elementor-col-100\">\n\t\t\t\t\t\t\t\t\t\t\t\t\t<input size=\"1\" type=\"hidden\" name=\"form_fields[form_ts]\" id=\"form-field-form_ts\" class=\"elementor-field elementor-size-md  elementor-field-textual\" value=\"[current_timestamp]\">\n\t\t\t\t\t\t\t\t\t\t\t<\/div>\n\t\t\t\t\t\t\t\t<div class=\"elementor-field-group elementor-column elementor-field-type-submit elementor-col-100 e-form__buttons\">\n\t\t\t\t\t<button class=\"elementor-button elementor-size-sm\" type=\"submit\">\n\t\t\t\t\t\t<span class=\"elementor-button-content-wrapper\">\n\t\t\t\t\t\t\t\t\t\t\t\t\t\t\t\t\t\t\t\t\t\t<span class=\"elementor-button-text\">Enviar<\/span>\n\t\t\t\t\t\t\t\t\t\t\t\t\t<\/span>\n\t\t\t\t\t<\/button>\n\t\t\t\t<\/div>\n\t\t\t<\/div>\n\t\t<input\n                    class=\"apbct_special_field apbct_email_id__elementor_form\"\n                    name=\"apbct__email_id__elementor_form\"\n                    aria-label=\"apbct__label_id__elementor_form\"\n                    type=\"text\" size=\"30\" maxlength=\"200\" autocomplete=\"off\"\n                    value=\"\"\n                \/><\/form>\n\t\t\t\t\t\t<\/div>\n\t\t\t\t<\/div>\n\t\t\t\t<div class=\"elementor-element elementor-element-30ca708 elementor-widget elementor-widget-html\" data-id=\"30ca708\" data-element_type=\"widget\" data-e-type=\"widget\" data-widget_type=\"html.default\">\n\t\t\t\t<div class=\"elementor-widget-container\">\n\t\t\t\t\t<script>\r\n(function () {\r\n  function norm(v) {\r\n    return (v || '').replace(\/\\s+\/g, '').toLowerCase(); \/\/ quita TODOS los espacios\r\n  }\r\n\r\n  function setup() {\r\n    \/\/ 1) Encontrar el input de \"otros\" (ancla)\r\n    const altresInput = document.querySelector('input[name=\"form_fields[altres_text]\"]');\r\n    if (!altresInput) return false;\r\n\r\n    \/\/ 2) Encontrar el formulario real que lo contiene\r\n    const form = altresInput.closest('form');\r\n    if (!form) return false;\r\n\r\n    \/\/ 3) Encontrar el select source dentro de ESE form\r\n    const select = form.querySelector('select[name=\"form_fields[source]\"]');\r\n    const altresGroup = altresInput.closest('.elementor-field-group');\r\n\r\n    if (!select || !altresGroup) return false;\r\n\r\n    function toggle() {\r\n      const v = norm(select.value);\r\n      const show = (v === 'other' || v === 'altres' || v === 'otros');\r\n      altresGroup.style.display = show ? 'block' : 'none';\r\n    }\r\n\r\n    \/\/ Estado inicial\r\n    toggle();\r\n\r\n    \/\/ Enganche a cambios (Elementor a veces dispara m\u00e1s que change)\r\n    select.addEventListener('change', toggle);\r\n    select.addEventListener('input', toggle);\r\n\r\n    return true;\r\n  }\r\n\r\n  \/\/ Reintentar porque Elementor puede renderizar tarde \/ reemplazar el DOM\r\n  let tries = 0;\r\n  const timer = setInterval(() => {\r\n    tries++;\r\n    if (setup() || tries > 60) clearInterval(timer); \/\/ ~6s\r\n  }, 100);\r\n\r\n  \/\/ Extra: si Elementor reemplaza nodos, reintenta\r\n  const mo = new MutationObserver(() => setup());\r\n  mo.observe(document.documentElement, { childList: true, subtree: true });\r\n})();\r\n<\/script>\r\n\t\t\t\t<\/div>\n\t\t\t\t<\/div>\n\t\t\t\t<div class=\"elementor-element elementor-element-218fc54 elementor-widget elementor-widget-html\" data-id=\"218fc54\" data-element_type=\"widget\" data-e-type=\"widget\" data-widget_type=\"html.default\">\n\t\t\t\t<div class=\"elementor-widget-container\">\n\t\t\t\t\t<script>\r\ndocument.addEventListener('DOMContentLoaded', function () {\r\n  const select = document.querySelector('[name=\"form_fields[source]\"]');\r\n  const altresGroup = document.querySelector('.elementor-field-group-altres_text');\r\n\r\n  if (!select || !altresGroup) return;\r\n\r\n  function toggleAltres() {\r\n    const show = select.value.trim() === 'Altres';\r\n    altresGroup.style.display = show ? 'block' : 'none';\r\n  }\r\n\r\n  toggleAltres();\r\n  select.addEventListener('change', toggleAltres);\r\n});\r\n<\/script><br>\t\t\t\t<\/div>\n\t\t\t\t<\/div>\n\t\t\t\t\t<\/div>\n\t\t<\/div>\n\t\t\t\t\t<\/div>\n\t\t<\/section>\n\t\t\t\t<\/div>\n\t\t","protected":false},"excerpt":{"rendered":"<p>Contacte Si t\u00e9 qualsevol dubte, pot utilitzar aquest formulari de contacte per fer-nos arribar els seus comentaris, preguntes o suggeriments sobre qualsevol dels nostres productes d\u2019Iniciaserveis\u00ae. Ens posarem en contacte amb la m\u00e0xima rapidesa. Inicia Avantsystems, S.L.c\/ Ib\u00e8ria 3-5 interior, baixos local 317005 \u2013 Girona Tel\u00e8fon:\u00a0+34 872 010 821E-mail:\u00a0in**@***********is.com<\/p>\n","protected":false},"author":4,"featured_media":0,"parent":0,"menu_order":21,"comment_status":"closed","ping_status":"closed","template":"","meta":{"footnotes":""},"class_list":["post-5119","page","type-page","status-publish","hentry"],"yoast_head":"<!-- This site is optimized with the Yoast SEO plugin v27.2 - https:\/\/yoast.com\/product\/yoast-seo-wordpress\/ -->\n<title>Iniciaserveis l equipamiento y maquinaria para hosteler\u00eda.<\/title>\n<meta name=\"description\" content=\"Iniciaserveis, empresa de soluciones y maquinaria para hosteler\u00eda. M\u00e1ximo ahorro y optimizaci\u00f3n en proyectos de hosteler\u00eda.\" \/>\n<meta name=\"robots\" content=\"index, follow, max-snippet:-1, max-image-preview:large, max-video-preview:-1\" \/>\n<link rel=\"canonical\" href=\"https:\/\/iniciaserveis.com\/ca\/contacte\/\" \/>\n<meta property=\"og:locale\" content=\"ca_ES\" \/>\n<meta property=\"og:type\" content=\"article\" \/>\n<meta property=\"og:title\" content=\"Iniciaserveis l equipamiento y maquinaria para hosteler\u00eda.\" \/>\n<meta property=\"og:description\" content=\"Iniciaserveis, empresa de soluciones y maquinaria para hosteler\u00eda. M\u00e1ximo ahorro y optimizaci\u00f3n en proyectos de hosteler\u00eda.\" \/>\n<meta property=\"og:url\" content=\"https:\/\/iniciaserveis.com\/ca\/contacte\/\" \/>\n<meta property=\"og:site_name\" content=\"Iniciaserveis\" \/>\n<meta property=\"article:modified_time\" content=\"2026-03-13T09:31:33+00:00\" \/>\n<meta name=\"twitter:card\" content=\"summary_large_image\" \/>\n<meta name=\"twitter:label1\" content=\"Temps estimat de lectura\" \/>\n\t<meta name=\"twitter:data1\" content=\"1 minut\" \/>\n<script type=\"application\/ld+json\" class=\"yoast-schema-graph\">{\"@context\":\"https:\/\/schema.org\",\"@graph\":[{\"@type\":\"WebPage\",\"@id\":\"https:\/\/iniciaserveis.com\/ca\/contacte\/\",\"url\":\"https:\/\/iniciaserveis.com\/ca\/contacte\/\",\"name\":\"Iniciaserveis l equipamiento y maquinaria para hosteler\u00eda.\",\"isPartOf\":{\"@id\":\"https:\/\/iniciaserveis.com\/#website\"},\"datePublished\":\"2022-03-16T19:31:03+00:00\",\"dateModified\":\"2026-03-13T09:31:33+00:00\",\"description\":\"Iniciaserveis, empresa de soluciones y maquinaria para hosteler\u00eda. M\u00e1ximo ahorro y optimizaci\u00f3n en proyectos de hosteler\u00eda.\",\"breadcrumb\":{\"@id\":\"https:\/\/iniciaserveis.com\/ca\/contacte\/#breadcrumb\"},\"inLanguage\":\"ca\",\"potentialAction\":[{\"@type\":\"ReadAction\",\"target\":[\"https:\/\/iniciaserveis.com\/ca\/contacte\/\"]}]},{\"@type\":\"BreadcrumbList\",\"@id\":\"https:\/\/iniciaserveis.com\/ca\/contacte\/#breadcrumb\",\"itemListElement\":[{\"@type\":\"ListItem\",\"position\":1,\"name\":\"Inici\",\"item\":\"https:\/\/iniciaserveis.com\/ca\/\"},{\"@type\":\"ListItem\",\"position\":2,\"name\":\"Contacte\"}]},{\"@type\":\"WebSite\",\"@id\":\"https:\/\/iniciaserveis.com\/#website\",\"url\":\"https:\/\/iniciaserveis.com\/\",\"name\":\"Iniciaserveis\",\"description\":\"\",\"publisher\":{\"@id\":\"https:\/\/iniciaserveis.com\/#organization\"},\"potentialAction\":[{\"@type\":\"SearchAction\",\"target\":{\"@type\":\"EntryPoint\",\"urlTemplate\":\"https:\/\/iniciaserveis.com\/?s={search_term_string}\"},\"query-input\":{\"@type\":\"PropertyValueSpecification\",\"valueRequired\":true,\"valueName\":\"search_term_string\"}}],\"inLanguage\":\"ca\"},{\"@type\":\"Organization\",\"@id\":\"https:\/\/iniciaserveis.com\/#organization\",\"name\":\"Inicia Avantsystems, S.L.\",\"url\":\"https:\/\/iniciaserveis.com\/\",\"logo\":{\"@type\":\"ImageObject\",\"inLanguage\":\"ca\",\"@id\":\"https:\/\/iniciaserveis.com\/#\/schema\/logo\/image\/\",\"url\":\"https:\/\/iniciaserveis.com\/wp-content\/uploads\/2020\/04\/logo_300ppp.png\",\"contentUrl\":\"https:\/\/iniciaserveis.com\/wp-content\/uploads\/2020\/04\/logo_300ppp.png\",\"width\":1459,\"height\":280,\"caption\":\"Inicia Avantsystems, S.L.\"},\"image\":{\"@id\":\"https:\/\/iniciaserveis.com\/#\/schema\/logo\/image\/\"},\"sameAs\":[\"https:\/\/www.linkedin.com\/company\/iniciaserveis\",\"https:\/\/www.youtube.com\/channel\/UC4UsiGh9WQyBiMa9wFm1smw\"]}]}<\/script>\n<!-- \/ Yoast SEO plugin. -->","yoast_head_json":{"title":"Iniciaserveis l equipamiento y maquinaria para hosteler\u00eda.","description":"Iniciaserveis, empresa de soluciones y maquinaria para hosteler\u00eda. M\u00e1ximo ahorro y optimizaci\u00f3n en proyectos de hosteler\u00eda.","robots":{"index":"index","follow":"follow","max-snippet":"max-snippet:-1","max-image-preview":"max-image-preview:large","max-video-preview":"max-video-preview:-1"},"canonical":"https:\/\/iniciaserveis.com\/ca\/contacte\/","og_locale":"ca_ES","og_type":"article","og_title":"Iniciaserveis l equipamiento y maquinaria para hosteler\u00eda.","og_description":"Iniciaserveis, empresa de soluciones y maquinaria para hosteler\u00eda. M\u00e1ximo ahorro y optimizaci\u00f3n en proyectos de hosteler\u00eda.","og_url":"https:\/\/iniciaserveis.com\/ca\/contacte\/","og_site_name":"Iniciaserveis","article_modified_time":"2026-03-13T09:31:33+00:00","twitter_card":"summary_large_image","twitter_misc":{"Temps estimat de lectura":"1 minut"},"schema":{"@context":"https:\/\/schema.org","@graph":[{"@type":"WebPage","@id":"https:\/\/iniciaserveis.com\/ca\/contacte\/","url":"https:\/\/iniciaserveis.com\/ca\/contacte\/","name":"Iniciaserveis l equipamiento y maquinaria para hosteler\u00eda.","isPartOf":{"@id":"https:\/\/iniciaserveis.com\/#website"},"datePublished":"2022-03-16T19:31:03+00:00","dateModified":"2026-03-13T09:31:33+00:00","description":"Iniciaserveis, empresa de soluciones y maquinaria para hosteler\u00eda. M\u00e1ximo ahorro y optimizaci\u00f3n en proyectos de hosteler\u00eda.","breadcrumb":{"@id":"https:\/\/iniciaserveis.com\/ca\/contacte\/#breadcrumb"},"inLanguage":"ca","potentialAction":[{"@type":"ReadAction","target":["https:\/\/iniciaserveis.com\/ca\/contacte\/"]}]},{"@type":"BreadcrumbList","@id":"https:\/\/iniciaserveis.com\/ca\/contacte\/#breadcrumb","itemListElement":[{"@type":"ListItem","position":1,"name":"Inici","item":"https:\/\/iniciaserveis.com\/ca\/"},{"@type":"ListItem","position":2,"name":"Contacte"}]},{"@type":"WebSite","@id":"https:\/\/iniciaserveis.com\/#website","url":"https:\/\/iniciaserveis.com\/","name":"Iniciaserveis","description":"","publisher":{"@id":"https:\/\/iniciaserveis.com\/#organization"},"potentialAction":[{"@type":"SearchAction","target":{"@type":"EntryPoint","urlTemplate":"https:\/\/iniciaserveis.com\/?s={search_term_string}"},"query-input":{"@type":"PropertyValueSpecification","valueRequired":true,"valueName":"search_term_string"}}],"inLanguage":"ca"},{"@type":"Organization","@id":"https:\/\/iniciaserveis.com\/#organization","name":"Inicia Avantsystems, S.L.","url":"https:\/\/iniciaserveis.com\/","logo":{"@type":"ImageObject","inLanguage":"ca","@id":"https:\/\/iniciaserveis.com\/#\/schema\/logo\/image\/","url":"https:\/\/iniciaserveis.com\/wp-content\/uploads\/2020\/04\/logo_300ppp.png","contentUrl":"https:\/\/iniciaserveis.com\/wp-content\/uploads\/2020\/04\/logo_300ppp.png","width":1459,"height":280,"caption":"Inicia Avantsystems, S.L."},"image":{"@id":"https:\/\/iniciaserveis.com\/#\/schema\/logo\/image\/"},"sameAs":["https:\/\/www.linkedin.com\/company\/iniciaserveis","https:\/\/www.youtube.com\/channel\/UC4UsiGh9WQyBiMa9wFm1smw"]}]}},"_links":{"self":[{"href":"https:\/\/iniciaserveis.com\/ca\/wp-json\/wp\/v2\/pages\/5119","targetHints":{"allow":["GET"]}}],"collection":[{"href":"https:\/\/iniciaserveis.com\/ca\/wp-json\/wp\/v2\/pages"}],"about":[{"href":"https:\/\/iniciaserveis.com\/ca\/wp-json\/wp\/v2\/types\/page"}],"author":[{"embeddable":true,"href":"https:\/\/iniciaserveis.com\/ca\/wp-json\/wp\/v2\/users\/4"}],"replies":[{"embeddable":true,"href":"https:\/\/iniciaserveis.com\/ca\/wp-json\/wp\/v2\/comments?post=5119"}],"version-history":[{"count":37,"href":"https:\/\/iniciaserveis.com\/ca\/wp-json\/wp\/v2\/pages\/5119\/revisions"}],"predecessor-version":[{"id":6735,"href":"https:\/\/iniciaserveis.com\/ca\/wp-json\/wp\/v2\/pages\/5119\/revisions\/6735"}],"wp:attachment":[{"href":"https:\/\/iniciaserveis.com\/ca\/wp-json\/wp\/v2\/media?parent=5119"}],"curies":[{"name":"wp","href":"https:\/\/api.w.org\/{rel}","templated":true}]}}