{"id":5130,"date":"2022-03-16T20:38:44","date_gmt":"2022-03-16T19:38:44","guid":{"rendered":"https:\/\/iniciaserveis.com\/qui-som\/"},"modified":"2025-07-25T12:41:44","modified_gmt":"2025-07-25T10:41:44","slug":"qui-som","status":"publish","type":"page","link":"https:\/\/iniciaserveis.com\/ca\/qui-som\/","title":{"rendered":"Qui som?"},"content":{"rendered":"\t\t<div data-elementor-type=\"wp-page\" data-elementor-id=\"5130\" class=\"elementor elementor-5130 elementor-2417\" data-elementor-post-type=\"page\">\n\t\t\t\t\t\t<section class=\"elementor-section elementor-top-section elementor-element elementor-element-0d28340 elementor-reverse-mobile elementor-section-boxed elementor-section-height-default elementor-section-height-default\" data-id=\"0d28340\" data-element_type=\"section\" data-e-type=\"section\">\n\t\t\t\t\t\t<div class=\"elementor-container elementor-column-gap-no\">\n\t\t\t\t\t<div class=\"elementor-column elementor-col-100 elementor-top-column elementor-element elementor-element-2013fd1\" data-id=\"2013fd1\" data-element_type=\"column\" data-e-type=\"column\">\n\t\t\t<div class=\"elementor-widget-wrap elementor-element-populated\">\n\t\t\t\t\t\t<div class=\"elementor-element elementor-element-e6b9d39 elementor-widget elementor-widget-heading\" data-id=\"e6b9d39\" data-element_type=\"widget\" data-e-type=\"widget\" data-widget_type=\"heading.default\">\n\t\t\t\t<div class=\"elementor-widget-container\">\n\t\t\t\t\t<h2 class=\"elementor-heading-title elementor-size-default\">Solucions i equipaments per a l'hostaleria<\/h2>\t\t\t\t<\/div>\n\t\t\t\t<\/div>\n\t\t\t\t<section class=\"elementor-section elementor-inner-section elementor-element elementor-element-8896a04 elementor-hidden-tablet elementor-hidden-phone elementor-section-boxed elementor-section-height-default elementor-section-height-default\" data-id=\"8896a04\" data-element_type=\"section\" data-e-type=\"section\">\n\t\t\t\t\t\t<div class=\"elementor-container elementor-column-gap-extended\">\n\t\t\t\t\t<div class=\"elementor-column elementor-col-50 elementor-inner-column elementor-element elementor-element-95fa5f7\" data-id=\"95fa5f7\" data-element_type=\"column\" data-e-type=\"column\">\n\t\t\t<div class=\"elementor-widget-wrap elementor-element-populated\">\n\t\t\t\t\t\t<div class=\"elementor-element elementor-element-54a1129 elementor-widget elementor-widget-text-editor\" data-id=\"54a1129\" data-element_type=\"widget\" data-e-type=\"widget\" data-widget_type=\"text-editor.default\">\n\t\t\t\t<div class=\"elementor-widget-container\">\n\t\t\t\t\t\t\t\t\t<p><strong>Inicia<\/strong>serveis\u00ae t\u00e9 m\u00e9s de vint-i-cinc anys d\u2019experi\u00e8ncia en el sector de l\u2019hostaleria, la restauraci\u00f3 i les col\u00b7lectivitats. Va n\u00e9ixer amb la voluntat de rendibilitzar les cuines professionals, amb articles i solucions de qualitat, per oferir un estalvi econ\u00f2mic important per al seu restaurant, hotel o bar.<\/p>\n<p>Per aquest motiu, hem dissenyat i fabriquem\u00a0<strong>Inicia<\/strong>systems\u00ae, un innovador sistema de neteja d\u2019utensilis de cuina per immersi\u00f3, que combinat amb els nostres productes termo actius biodegradables, li permet estalviar fins a un 70% en despeses de rentat.<\/p>\n<p>A m\u00e9s, a\u00a0<strong>Inicia<\/strong>serveis\u00ae tamb\u00e9 equipem establiments amb qualsevol classe de maquin\u00e0ria d\u2019hostaleria, mobiliari d\u2019acer inoxidable personalitzat, campanes d\u2019extracci\u00f3, cambres de fred, etc. amb un servei t\u00e8cnic r\u00e0pid, efectiu i de m\u00e0xima qualitat; com per exemple el sistema Vito per filtrar l\u2019oli de fregir.<\/p>\n\t\t\t\t\t\t\t\t<\/div>\n\t\t\t\t<\/div>\n\t\t\t\t\t<\/div>\n\t\t<\/div>\n\t\t\t\t<div class=\"elementor-column elementor-col-50 elementor-inner-column elementor-element elementor-element-945dfd1\" data-id=\"945dfd1\" data-element_type=\"column\" data-e-type=\"column\" data-settings=\"{&quot;background_background&quot;:&quot;classic&quot;}\">\n\t\t\t<div class=\"elementor-widget-wrap elementor-element-populated\">\n\t\t\t\t\t\t<div class=\"elementor-element elementor-element-5678f22 elementor-widget elementor-widget-spacer\" data-id=\"5678f22\" data-element_type=\"widget\" data-e-type=\"widget\" data-widget_type=\"spacer.default\">\n\t\t\t\t<div class=\"elementor-widget-container\">\n\t\t\t\t\t\t\t<div class=\"elementor-spacer\">\n\t\t\t<div class=\"elementor-spacer-inner\"><\/div>\n\t\t<\/div>\n\t\t\t\t\t\t<\/div>\n\t\t\t\t<\/div>\n\t\t\t\t\t<\/div>\n\t\t<\/div>\n\t\t\t\t\t<\/div>\n\t\t<\/section>\n\t\t\t\t\t<\/div>\n\t\t<\/div>\n\t\t\t\t\t<\/div>\n\t\t<\/section>\n\t\t\t\t<section class=\"elementor-section elementor-top-section elementor-element elementor-element-5ed15df elementor-section-boxed elementor-section-height-default elementor-section-height-default\" data-id=\"5ed15df\" data-element_type=\"section\" data-e-type=\"section\" data-settings=\"{&quot;background_background&quot;:&quot;classic&quot;}\">\n\t\t\t\t\t\t\t<div class=\"elementor-background-overlay\"><\/div>\n\t\t\t\t\t\t\t<div class=\"elementor-container elementor-column-gap-default\">\n\t\t\t\t\t<div class=\"elementor-column elementor-col-100 elementor-top-column elementor-element elementor-element-8ac0f8b\" data-id=\"8ac0f8b\" data-element_type=\"column\" data-e-type=\"column\">\n\t\t\t<div class=\"elementor-widget-wrap elementor-element-populated\">\n\t\t\t\t\t\t<div class=\"elementor-element elementor-element-6e4bab9 elementor-widget elementor-widget-text-editor\" data-id=\"6e4bab9\" data-element_type=\"widget\" data-e-type=\"widget\" data-widget_type=\"text-editor.default\">\n\t\t\t\t<div class=\"elementor-widget-container\">\n\t\t\t\t\t\t\t\t\t<p>Els equipaments i maquin\u00e0ria per a hostaleria, restauraci\u00f3 i col\u00b7lectivitats de <strong>Inicia<\/strong>serveis\u00ae s\u00f3n la soluci\u00f3 a l&#8217;estalvi de costos del seu negoci.<\/p>\n<p>En <strong>Inicia<\/strong>serveis\u00ae tamb\u00e9 equipem establiments amb qualsevol classe de maquin\u00e0ria d&#8217;hostaleria, mobiliari d&#8217;acer inoxidable personalitzat, campanes d&#8217;extracci\u00f3, cambres frigor\u00edfiques, maquin\u00e0ria de neteja, etc., amb un servei t\u00e8cnic r\u00e0pid, efectiu i de m\u00e0xima qualitat.<\/p>\n\t\t\t\t\t\t\t\t<\/div>\n\t\t\t\t<\/div>\n\t\t\t\t\t<\/div>\n\t\t<\/div>\n\t\t\t\t\t<\/div>\n\t\t<\/section>\n\t\t\t\t<\/div>\n\t\t","protected":false},"excerpt":{"rendered":"<p>Solucions i equipaments per a l&#8217;hostaleria Iniciaserveis\u00ae t\u00e9 m\u00e9s de vint-i-cinc anys d\u2019experi\u00e8ncia en el sector de l\u2019hostaleria, la restauraci\u00f3 i les col\u00b7lectivitats. Va n\u00e9ixer amb la voluntat de rendibilitzar les cuines professionals, amb articles i solucions de qualitat, per oferir un estalvi econ\u00f2mic important per al seu restaurant, hotel o bar. Per aquest motiu, [&hellip;]<\/p>\n","protected":false},"author":4,"featured_media":0,"parent":0,"menu_order":17,"comment_status":"closed","ping_status":"closed","template":"","meta":{"footnotes":""},"class_list":["post-5130","page","type-page","status-publish","hentry"],"yoast_head":"<!-- This site is optimized with the Yoast SEO plugin v27.2 - https:\/\/yoast.com\/product\/yoast-seo-wordpress\/ -->\n<title>IniciaServeis - Solucions i equipaments per a l&#039;hostaleria.<\/title>\n<meta name=\"description\" content=\"Amb 25 anys d&#039;experi\u00e8ncia en el sector de la hosteleria i restauraci\u00f3. Oferim maquin\u00e0ria i un servei t\u00e8cnic r\u00e0pid i de m\u00e0xima qualitat a Girona.\" \/>\n<meta name=\"robots\" content=\"index, follow, max-snippet:-1, max-image-preview:large, max-video-preview:-1\" \/>\n<link rel=\"canonical\" href=\"https:\/\/iniciaserveis.com\/ca\/qui-som\/\" \/>\n<meta property=\"og:locale\" content=\"ca_ES\" \/>\n<meta property=\"og:type\" content=\"article\" \/>\n<meta property=\"og:title\" content=\"IniciaServeis - Solucions i equipaments per a l&#039;hostaleria.\" \/>\n<meta property=\"og:description\" content=\"Amb 25 anys d&#039;experi\u00e8ncia en el sector de la hosteleria i restauraci\u00f3. Oferim maquin\u00e0ria i un servei t\u00e8cnic r\u00e0pid i de m\u00e0xima qualitat a Girona.\" \/>\n<meta property=\"og:url\" content=\"https:\/\/iniciaserveis.com\/ca\/qui-som\/\" \/>\n<meta property=\"og:site_name\" content=\"Iniciaserveis\" \/>\n<meta property=\"article:modified_time\" content=\"2025-07-25T10:41:44+00:00\" \/>\n<meta name=\"twitter:card\" content=\"summary_large_image\" \/>\n<meta name=\"twitter:label1\" content=\"Temps estimat de lectura\" \/>\n\t<meta name=\"twitter:data1\" content=\"1 minut\" \/>\n<script type=\"application\/ld+json\" class=\"yoast-schema-graph\">{\"@context\":\"https:\/\/schema.org\",\"@graph\":[{\"@type\":\"WebPage\",\"@id\":\"https:\/\/iniciaserveis.com\/ca\/qui-som\/\",\"url\":\"https:\/\/iniciaserveis.com\/ca\/qui-som\/\",\"name\":\"IniciaServeis - Solucions i equipaments per a l'hostaleria.\",\"isPartOf\":{\"@id\":\"https:\/\/iniciaserveis.com\/#website\"},\"datePublished\":\"2022-03-16T19:38:44+00:00\",\"dateModified\":\"2025-07-25T10:41:44+00:00\",\"description\":\"Amb 25 anys d'experi\u00e8ncia en el sector de la hosteleria i restauraci\u00f3. Oferim maquin\u00e0ria i un servei t\u00e8cnic r\u00e0pid i de m\u00e0xima qualitat a Girona.\",\"breadcrumb\":{\"@id\":\"https:\/\/iniciaserveis.com\/ca\/qui-som\/#breadcrumb\"},\"inLanguage\":\"ca\",\"potentialAction\":[{\"@type\":\"ReadAction\",\"target\":[\"https:\/\/iniciaserveis.com\/ca\/qui-som\/\"]}]},{\"@type\":\"BreadcrumbList\",\"@id\":\"https:\/\/iniciaserveis.com\/ca\/qui-som\/#breadcrumb\",\"itemListElement\":[{\"@type\":\"ListItem\",\"position\":1,\"name\":\"Inici\",\"item\":\"https:\/\/iniciaserveis.com\/ca\/\"},{\"@type\":\"ListItem\",\"position\":2,\"name\":\"Qui som?\"}]},{\"@type\":\"WebSite\",\"@id\":\"https:\/\/iniciaserveis.com\/#website\",\"url\":\"https:\/\/iniciaserveis.com\/\",\"name\":\"Iniciaserveis\",\"description\":\"\",\"publisher\":{\"@id\":\"https:\/\/iniciaserveis.com\/#organization\"},\"potentialAction\":[{\"@type\":\"SearchAction\",\"target\":{\"@type\":\"EntryPoint\",\"urlTemplate\":\"https:\/\/iniciaserveis.com\/?s={search_term_string}\"},\"query-input\":{\"@type\":\"PropertyValueSpecification\",\"valueRequired\":true,\"valueName\":\"search_term_string\"}}],\"inLanguage\":\"ca\"},{\"@type\":\"Organization\",\"@id\":\"https:\/\/iniciaserveis.com\/#organization\",\"name\":\"Inicia Avantsystems, S.L.\",\"url\":\"https:\/\/iniciaserveis.com\/\",\"logo\":{\"@type\":\"ImageObject\",\"inLanguage\":\"ca\",\"@id\":\"https:\/\/iniciaserveis.com\/#\/schema\/logo\/image\/\",\"url\":\"https:\/\/iniciaserveis.com\/wp-content\/uploads\/2020\/04\/logo_300ppp.png\",\"contentUrl\":\"https:\/\/iniciaserveis.com\/wp-content\/uploads\/2020\/04\/logo_300ppp.png\",\"width\":1459,\"height\":280,\"caption\":\"Inicia Avantsystems, S.L.\"},\"image\":{\"@id\":\"https:\/\/iniciaserveis.com\/#\/schema\/logo\/image\/\"},\"sameAs\":[\"https:\/\/www.linkedin.com\/company\/iniciaserveis\",\"https:\/\/www.youtube.com\/channel\/UC4UsiGh9WQyBiMa9wFm1smw\"]}]}<\/script>\n<!-- \/ Yoast SEO plugin. -->","yoast_head_json":{"title":"IniciaServeis - Solucions i equipaments per a l'hostaleria.","description":"Amb 25 anys d'experi\u00e8ncia en el sector de la hosteleria i restauraci\u00f3. Oferim maquin\u00e0ria i un servei t\u00e8cnic r\u00e0pid i de m\u00e0xima qualitat a Girona.","robots":{"index":"index","follow":"follow","max-snippet":"max-snippet:-1","max-image-preview":"max-image-preview:large","max-video-preview":"max-video-preview:-1"},"canonical":"https:\/\/iniciaserveis.com\/ca\/qui-som\/","og_locale":"ca_ES","og_type":"article","og_title":"IniciaServeis - Solucions i equipaments per a l'hostaleria.","og_description":"Amb 25 anys d'experi\u00e8ncia en el sector de la hosteleria i restauraci\u00f3. Oferim maquin\u00e0ria i un servei t\u00e8cnic r\u00e0pid i de m\u00e0xima qualitat a Girona.","og_url":"https:\/\/iniciaserveis.com\/ca\/qui-som\/","og_site_name":"Iniciaserveis","article_modified_time":"2025-07-25T10:41:44+00:00","twitter_card":"summary_large_image","twitter_misc":{"Temps estimat de lectura":"1 minut"},"schema":{"@context":"https:\/\/schema.org","@graph":[{"@type":"WebPage","@id":"https:\/\/iniciaserveis.com\/ca\/qui-som\/","url":"https:\/\/iniciaserveis.com\/ca\/qui-som\/","name":"IniciaServeis - Solucions i equipaments per a l'hostaleria.","isPartOf":{"@id":"https:\/\/iniciaserveis.com\/#website"},"datePublished":"2022-03-16T19:38:44+00:00","dateModified":"2025-07-25T10:41:44+00:00","description":"Amb 25 anys d'experi\u00e8ncia en el sector de la hosteleria i restauraci\u00f3. Oferim maquin\u00e0ria i un servei t\u00e8cnic r\u00e0pid i de m\u00e0xima qualitat a Girona.","breadcrumb":{"@id":"https:\/\/iniciaserveis.com\/ca\/qui-som\/#breadcrumb"},"inLanguage":"ca","potentialAction":[{"@type":"ReadAction","target":["https:\/\/iniciaserveis.com\/ca\/qui-som\/"]}]},{"@type":"BreadcrumbList","@id":"https:\/\/iniciaserveis.com\/ca\/qui-som\/#breadcrumb","itemListElement":[{"@type":"ListItem","position":1,"name":"Inici","item":"https:\/\/iniciaserveis.com\/ca\/"},{"@type":"ListItem","position":2,"name":"Qui som?"}]},{"@type":"WebSite","@id":"https:\/\/iniciaserveis.com\/#website","url":"https:\/\/iniciaserveis.com\/","name":"Iniciaserveis","description":"","publisher":{"@id":"https:\/\/iniciaserveis.com\/#organization"},"potentialAction":[{"@type":"SearchAction","target":{"@type":"EntryPoint","urlTemplate":"https:\/\/iniciaserveis.com\/?s={search_term_string}"},"query-input":{"@type":"PropertyValueSpecification","valueRequired":true,"valueName":"search_term_string"}}],"inLanguage":"ca"},{"@type":"Organization","@id":"https:\/\/iniciaserveis.com\/#organization","name":"Inicia Avantsystems, S.L.","url":"https:\/\/iniciaserveis.com\/","logo":{"@type":"ImageObject","inLanguage":"ca","@id":"https:\/\/iniciaserveis.com\/#\/schema\/logo\/image\/","url":"https:\/\/iniciaserveis.com\/wp-content\/uploads\/2020\/04\/logo_300ppp.png","contentUrl":"https:\/\/iniciaserveis.com\/wp-content\/uploads\/2020\/04\/logo_300ppp.png","width":1459,"height":280,"caption":"Inicia Avantsystems, S.L."},"image":{"@id":"https:\/\/iniciaserveis.com\/#\/schema\/logo\/image\/"},"sameAs":["https:\/\/www.linkedin.com\/company\/iniciaserveis","https:\/\/www.youtube.com\/channel\/UC4UsiGh9WQyBiMa9wFm1smw"]}]}},"_links":{"self":[{"href":"https:\/\/iniciaserveis.com\/ca\/wp-json\/wp\/v2\/pages\/5130","targetHints":{"allow":["GET"]}}],"collection":[{"href":"https:\/\/iniciaserveis.com\/ca\/wp-json\/wp\/v2\/pages"}],"about":[{"href":"https:\/\/iniciaserveis.com\/ca\/wp-json\/wp\/v2\/types\/page"}],"author":[{"embeddable":true,"href":"https:\/\/iniciaserveis.com\/ca\/wp-json\/wp\/v2\/users\/4"}],"replies":[{"embeddable":true,"href":"https:\/\/iniciaserveis.com\/ca\/wp-json\/wp\/v2\/comments?post=5130"}],"version-history":[{"count":1,"href":"https:\/\/iniciaserveis.com\/ca\/wp-json\/wp\/v2\/pages\/5130\/revisions"}],"predecessor-version":[{"id":6030,"href":"https:\/\/iniciaserveis.com\/ca\/wp-json\/wp\/v2\/pages\/5130\/revisions\/6030"}],"wp:attachment":[{"href":"https:\/\/iniciaserveis.com\/ca\/wp-json\/wp\/v2\/media?parent=5130"}],"curies":[{"name":"wp","href":"https:\/\/api.w.org\/{rel}","templated":true}]}}