{"id":5048,"date":"2022-03-16T17:48:16","date_gmt":"2022-03-16T16:48:16","guid":{"rendered":"https:\/\/iniciaserveis.com\/terms-of-use\/"},"modified":"2022-03-16T17:51:07","modified_gmt":"2022-03-16T16:51:07","slug":"terms-of-use","status":"publish","type":"page","link":"https:\/\/iniciaserveis.com\/en\/terms-of-use\/","title":{"rendered":"Terms of Use"},"content":{"rendered":"\t\t<div data-elementor-type=\"wp-page\" data-elementor-id=\"5048\" class=\"elementor elementor-5048 elementor-800\" data-elementor-post-type=\"page\">\n\t\t\t\t\t\t<section class=\"elementor-section elementor-top-section elementor-element elementor-element-2f89eba7 elementor-reverse-mobile elementor-section-boxed elementor-section-height-default elementor-section-height-default\" data-id=\"2f89eba7\" data-element_type=\"section\" data-e-type=\"section\">\n\t\t\t\t\t\t<div class=\"elementor-container elementor-column-gap-default\">\n\t\t\t\t\t<div class=\"elementor-column elementor-col-100 elementor-top-column elementor-element elementor-element-2b3297d7\" data-id=\"2b3297d7\" data-element_type=\"column\" data-e-type=\"column\">\n\t\t\t<div class=\"elementor-widget-wrap elementor-element-populated\">\n\t\t\t\t\t\t<div class=\"elementor-element elementor-element-3ba30f4 elementor-widget elementor-widget-heading\" data-id=\"3ba30f4\" data-element_type=\"widget\" data-e-type=\"widget\" data-widget_type=\"heading.default\">\n\t\t\t\t<div class=\"elementor-widget-container\">\n\t\t\t\t\t<p class=\"elementor-heading-title elementor-size-default\">Terms of Use<\/p>\t\t\t\t<\/div>\n\t\t\t\t<\/div>\n\t\t\t\t<div class=\"elementor-element elementor-element-238636ca elementor-widget elementor-widget-text-editor\" data-id=\"238636ca\" data-element_type=\"widget\" data-e-type=\"widget\" data-widget_type=\"text-editor.default\">\n\t\t\t\t<div class=\"elementor-widget-container\">\n\t\t\t\t\t\t\t\t\t<p><span style=\"font-size: 1rem;\">Las presentes Condiciones Generales de Uso (en adelante, \u201clas Condiciones Generales\u201d) rigen el acceso y la utilizaci\u00f3n del sitio web accesible mediante el nombre de dominio iniciaserveis.com y sus subdominios (en adelante, \u201cel Sitio Web\u201d).<\/span><\/p>\n<p>El simple acceso al Sitio Web atribuye a quien lo realiza la condici\u00f3n de Usuario del Sitio Web (en adelante, \u201cel \u201cUsuario\u201d) e implica la aceptaci\u00f3n de todos los t\u00e9rminos incluidos en estas Condiciones Generales. En caso de no estar de acuerdo con estas Condiciones Generales, el Usuario debe abandonar inmediatamente el Sitio Web sin utilizarlo.<span style=\"font-size: 1rem;\">&nbsp;<\/span><\/p>\n<p><strong>I. Ley de Servicios de la Sociedad de la Informaci\u00f3n<\/strong><\/p>\n<p>A efectos de lo dispuesto en el art\u00edculo 10 de la Ley de Servicios de la Sociedad de la Informaci\u00f3n y de Comercio Electr\u00f3nico de 11 de julio de 2002, se hace constar que el sitio web iniciaserveis.com es titularidad de Jordi Carmona Xifra (en adelante \u2018Inicia Serveis\u2019), con domicilio social y a efecto de notificaciones en la calle Iberia, 3 17005 Girona y tambi\u00e9n a trav\u00e9s del formulario de contacto de esta p\u00e1gina.<span style=\"font-size: 1rem;\">&nbsp;<\/span><\/p>\n<p><strong>II. Derechos de propiedad intelectual e industrial<\/strong><\/p>\n<p>Los derechos de propiedad intelectual e industrial sobre el sitio web iniciaserveis.com pertenecen a Jordi Carmona Xifra. Los derechos de propiedad intelectual sobre la p\u00e1gina comprenden el contenido escrito de la misma, su dise\u00f1o y el c\u00f3digo fuente con el que est\u00e1 programada, protegidos conforme a la legislaci\u00f3n espa\u00f1ola e internacional relativa a los derechos de autor.<\/p>\n<p><strong>III. Condiciones de acceso y uso del Sitio Web<\/strong><\/p>\n<p>La utilizaci\u00f3n de este Sitio Web implica la atribuci\u00f3n de la condici\u00f3n de \u201cUsuario\u201d y en su caso, la aceptaci\u00f3n plena de todas las disposiciones incluidas en esta \u201cInformaci\u00f3n Legal\u201d desde el mismo momento en que se accede a \u00e9l. Inicia Serveis podr\u00e1 alterar en cualquier momento y sin previo aviso el dise\u00f1o, presentaci\u00f3n y\/o configuraci\u00f3n del Sitio Web, as\u00ed como algunos o todos los Contenidos.<\/p>\n<p>Las presentes condiciones son las vigentes desde la fecha de su \u00faltima actualizaci\u00f3n. Inicia Serveis se reserva el derecho a modificarlas en cualquier momento y sin preaviso, en cuyo caso entrar\u00e1n en vigor desde su publicaci\u00f3n en el Sitio Web y ser\u00e1n aplicables a todos los Usuarios desde esa fecha. Por ello, Inicia Serveis recomienda a los Usuarios que quieran entrar y hacer uso del Sitio Web, que lean detenidamente el contenido de la presente \u201cInformaci\u00f3n Legal\u201d cada vez que accedan.<\/p>\n<p>Los contenidos del Sitio Web, en especial las referencias informativas y publicitarias, salvo que expresamente se indique lo contrario, no constituyen oferta vinculante. Inicia Serveis recomienda a los Usuarios que contacten a trav\u00e9s del formulario de contacto de esta p\u00e1gina para informarse con detalle, evaluar los precios y confirmar las condiciones y especificaciones de cada servicio vigentes en el momento, solicitarlo si lo desean, y efectuar la contrataci\u00f3n con la ayuda y asistencia del personal de Atenci\u00f3n al Cliente de Inicia Serveis.<\/p>\n<p>Inicia Serveis no es el titular de los otros sitios de la Red a los que se pueda acceder mediante la utilizaci\u00f3n de links o hiperv\u00ednculos que est\u00e9n disponibles dentro de su Sitio Web. En consecuencia, el Usuario acceder\u00e1 bajo su exclusiva responsabilidad a sus respectivos contenidos y condiciones de uso. No obstante, se autoriza al Usuario a realizar enlaces o links que conduzcan al Sitio Web de Inicia Serveis siempre y cuando:<\/p>\n<p>1) Quede constancia de la identidad de su propietario.<\/p>\n<p>2) El link \u00fanicamente podr\u00e1 vincular a la p\u00e1gina principal o de inicio, sin reproducirla en modo alguno.<\/p>\n<p>3) No se utilice la marca Inicia Serveis o cualquier otro signo distintivo que pueda confundir sobre la propiedad del Sitio Web que establezca el link.<\/p>\n<p>4) Las p\u00e1ginas o sitios de la Red a trav\u00e9s de los cuales se realice el enlace no deben atentar a la moral, al orden p\u00fablico y las buenas costumbres y han de ser respetuosos con los principios de no discriminaci\u00f3n y el respeto a la dignidad de la persona, la protecci\u00f3n a la juventud y la infancia y, en general, todos aquellos recogidos en el art\u00edculo 8 de la LSSICE.<\/p>\n<p>Inicia Serveis no se hace responsable bajo ning\u00fan concepto de los da\u00f1os que pudieran dimanar del uso ilegal o indebido del presente Sitio Web. Al mismo tiempo, Inicia Serveis queda eximida de cualquier responsabilidad por los da\u00f1os y perjuicios que se pudieran ocasionar como consecuencia del acceso, reproducci\u00f3n, captaci\u00f3n y transmisi\u00f3n de los contenidos y servicios de la p\u00e1gina Web facilitados por terceros. Inicia Serveis no garantiza la idoneidad, disponibilidad, oportunidad o exactitud de la informaci\u00f3n contenida en su Sitio Web, que podr\u00e1 actualizarse, modificarse o eliminarse sin previo aviso. En todo caso, recordamos al Usuario que no utilice la informaci\u00f3n contenida en su Sitio Web con fines particulares sin el asesoramiento o supervisi\u00f3n de un profesional.<\/p>\n<p>Las opiniones escritas como comentarios de los Usuarios son responsabilidad del visitante de la web e Inicia Serveis no se hace responsable ni necesariamente comparte las mismas.<\/p>\n<p>Inicia Serveis se reserva el derecho de modificar la presente \u201cInformaci\u00f3n Legal\u201d, incluida su pol\u00edtica de privacidad y comercial, con el objeto de adaptarla a las novedades legislativas o jurisprudenciales, o por criterios empresariales.<\/p>\n<p><strong>IV. Objeto<\/strong><\/p>\n<p>El presente Sitio Web ha sido dise\u00f1ado para aportar informaci\u00f3n sobre el proyecto Inicia Serveis.<\/p>\n<p><strong>V. Publicidad<\/strong><\/p>\n<p>La publicidad mostrada en iniciaserveis.com, etiquetada con el t\u00e9rmino \u201cAnuncios Google\u201d, procede del programa AdSense de Google \u2122. Inicia Serveis no tienen ninguna relaci\u00f3n directa con el contenido mostrado en los anuncios ni con sus marcas u otros derechos de propiedad intelectual. AdSense de Google \u2122 es una marca comercial de Google Inc.<\/p>\n\t\t\t\t\t\t\t\t<\/div>\n\t\t\t\t<\/div>\n\t\t\t\t\t<\/div>\n\t\t<\/div>\n\t\t\t\t\t<\/div>\n\t\t<\/section>\n\t\t\t\t<\/div>\n\t\t","protected":false},"excerpt":{"rendered":"<p>Terms of Use Las presentes Condiciones Generales de Uso (en adelante, \u201clas Condiciones Generales\u201d) rigen el acceso y la utilizaci\u00f3n del sitio web accesible mediante el nombre de dominio iniciaserveis.com y sus subdominios (en adelante, \u201cel Sitio Web\u201d). El simple acceso al Sitio Web atribuye a quien lo realiza la condici\u00f3n de Usuario del Sitio [&hellip;]<\/p>\n","protected":false},"author":4,"featured_media":0,"parent":0,"menu_order":33,"comment_status":"closed","ping_status":"closed","template":"","meta":{"footnotes":""},"class_list":["post-5048","page","type-page","status-publish","hentry"],"yoast_head":"<!-- This site is optimized with the Yoast SEO plugin v27.2 - https:\/\/yoast.com\/product\/yoast-seo-wordpress\/ -->\n<title>Terms of Use - Iniciaserveis<\/title>\n<meta name=\"robots\" content=\"index, follow, max-snippet:-1, max-image-preview:large, max-video-preview:-1\" \/>\n<link rel=\"canonical\" href=\"https:\/\/iniciaserveis.com\/condiciones-de-uso\/\" \/>\n<meta property=\"og:locale\" content=\"en_US\" \/>\n<meta property=\"og:type\" content=\"article\" \/>\n<meta property=\"og:title\" content=\"Terms of Use - Iniciaserveis\" \/>\n<meta property=\"og:description\" content=\"Terms of Use Las presentes Condiciones Generales de Uso (en adelante, \u201clas Condiciones Generales\u201d) rigen el acceso y la utilizaci\u00f3n del sitio web accesible mediante el nombre de dominio iniciaserveis.com y sus subdominios (en adelante, \u201cel Sitio Web\u201d). El simple acceso al Sitio Web atribuye a quien lo realiza la condici\u00f3n de Usuario del Sitio [&hellip;]\" \/>\n<meta property=\"og:url\" content=\"https:\/\/iniciaserveis.com\/condiciones-de-uso\/\" \/>\n<meta property=\"og:site_name\" content=\"Iniciaserveis\" \/>\n<meta property=\"article:modified_time\" content=\"2022-03-16T16:51:07+00:00\" \/>\n<meta name=\"twitter:card\" content=\"summary_large_image\" \/>\n<meta name=\"twitter:label1\" content=\"Est. reading time\" \/>\n\t<meta name=\"twitter:data1\" content=\"5 minutes\" \/>\n<script type=\"application\/ld+json\" class=\"yoast-schema-graph\">{\"@context\":\"https:\/\/schema.org\",\"@graph\":[{\"@type\":\"WebPage\",\"@id\":\"https:\/\/iniciaserveis.com\/condiciones-de-uso\/\",\"url\":\"https:\/\/iniciaserveis.com\/condiciones-de-uso\/\",\"name\":\"Terms of Use - Iniciaserveis\",\"isPartOf\":{\"@id\":\"https:\/\/iniciaserveis.com\/#website\"},\"datePublished\":\"2022-03-16T16:48:16+00:00\",\"dateModified\":\"2022-03-16T16:51:07+00:00\",\"breadcrumb\":{\"@id\":\"https:\/\/iniciaserveis.com\/condiciones-de-uso\/#breadcrumb\"},\"inLanguage\":\"en-US\",\"potentialAction\":[{\"@type\":\"ReadAction\",\"target\":[\"https:\/\/iniciaserveis.com\/condiciones-de-uso\/\"]}]},{\"@type\":\"BreadcrumbList\",\"@id\":\"https:\/\/iniciaserveis.com\/condiciones-de-uso\/#breadcrumb\",\"itemListElement\":[{\"@type\":\"ListItem\",\"position\":1,\"name\":\"Inici\",\"item\":\"https:\/\/iniciaserveis.com\/en\/\"},{\"@type\":\"ListItem\",\"position\":2,\"name\":\"Terms of Use\"}]},{\"@type\":\"WebSite\",\"@id\":\"https:\/\/iniciaserveis.com\/#website\",\"url\":\"https:\/\/iniciaserveis.com\/\",\"name\":\"Iniciaserveis\",\"description\":\"\",\"publisher\":{\"@id\":\"https:\/\/iniciaserveis.com\/#organization\"},\"potentialAction\":[{\"@type\":\"SearchAction\",\"target\":{\"@type\":\"EntryPoint\",\"urlTemplate\":\"https:\/\/iniciaserveis.com\/?s={search_term_string}\"},\"query-input\":{\"@type\":\"PropertyValueSpecification\",\"valueRequired\":true,\"valueName\":\"search_term_string\"}}],\"inLanguage\":\"en-US\"},{\"@type\":\"Organization\",\"@id\":\"https:\/\/iniciaserveis.com\/#organization\",\"name\":\"Inicia Avantsystems, S.L.\",\"url\":\"https:\/\/iniciaserveis.com\/\",\"logo\":{\"@type\":\"ImageObject\",\"inLanguage\":\"en-US\",\"@id\":\"https:\/\/iniciaserveis.com\/#\/schema\/logo\/image\/\",\"url\":\"https:\/\/iniciaserveis.com\/wp-content\/uploads\/2020\/04\/logo_300ppp.png\",\"contentUrl\":\"https:\/\/iniciaserveis.com\/wp-content\/uploads\/2020\/04\/logo_300ppp.png\",\"width\":1459,\"height\":280,\"caption\":\"Inicia Avantsystems, S.L.\"},\"image\":{\"@id\":\"https:\/\/iniciaserveis.com\/#\/schema\/logo\/image\/\"},\"sameAs\":[\"https:\/\/www.linkedin.com\/company\/iniciaserveis\",\"https:\/\/www.youtube.com\/channel\/UC4UsiGh9WQyBiMa9wFm1smw\"]}]}<\/script>\n<!-- \/ Yoast SEO plugin. -->","yoast_head_json":{"title":"Terms of Use - Iniciaserveis","robots":{"index":"index","follow":"follow","max-snippet":"max-snippet:-1","max-image-preview":"max-image-preview:large","max-video-preview":"max-video-preview:-1"},"canonical":"https:\/\/iniciaserveis.com\/condiciones-de-uso\/","og_locale":"en_US","og_type":"article","og_title":"Terms of Use - Iniciaserveis","og_description":"Terms of Use Las presentes Condiciones Generales de Uso (en adelante, \u201clas Condiciones Generales\u201d) rigen el acceso y la utilizaci\u00f3n del sitio web accesible mediante el nombre de dominio iniciaserveis.com y sus subdominios (en adelante, \u201cel Sitio Web\u201d). El simple acceso al Sitio Web atribuye a quien lo realiza la condici\u00f3n de Usuario del Sitio [&hellip;]","og_url":"https:\/\/iniciaserveis.com\/condiciones-de-uso\/","og_site_name":"Iniciaserveis","article_modified_time":"2022-03-16T16:51:07+00:00","twitter_card":"summary_large_image","twitter_misc":{"Est. reading time":"5 minutes"},"schema":{"@context":"https:\/\/schema.org","@graph":[{"@type":"WebPage","@id":"https:\/\/iniciaserveis.com\/condiciones-de-uso\/","url":"https:\/\/iniciaserveis.com\/condiciones-de-uso\/","name":"Terms of Use - Iniciaserveis","isPartOf":{"@id":"https:\/\/iniciaserveis.com\/#website"},"datePublished":"2022-03-16T16:48:16+00:00","dateModified":"2022-03-16T16:51:07+00:00","breadcrumb":{"@id":"https:\/\/iniciaserveis.com\/condiciones-de-uso\/#breadcrumb"},"inLanguage":"en-US","potentialAction":[{"@type":"ReadAction","target":["https:\/\/iniciaserveis.com\/condiciones-de-uso\/"]}]},{"@type":"BreadcrumbList","@id":"https:\/\/iniciaserveis.com\/condiciones-de-uso\/#breadcrumb","itemListElement":[{"@type":"ListItem","position":1,"name":"Inici","item":"https:\/\/iniciaserveis.com\/en\/"},{"@type":"ListItem","position":2,"name":"Terms of Use"}]},{"@type":"WebSite","@id":"https:\/\/iniciaserveis.com\/#website","url":"https:\/\/iniciaserveis.com\/","name":"Iniciaserveis","description":"","publisher":{"@id":"https:\/\/iniciaserveis.com\/#organization"},"potentialAction":[{"@type":"SearchAction","target":{"@type":"EntryPoint","urlTemplate":"https:\/\/iniciaserveis.com\/?s={search_term_string}"},"query-input":{"@type":"PropertyValueSpecification","valueRequired":true,"valueName":"search_term_string"}}],"inLanguage":"en-US"},{"@type":"Organization","@id":"https:\/\/iniciaserveis.com\/#organization","name":"Inicia Avantsystems, S.L.","url":"https:\/\/iniciaserveis.com\/","logo":{"@type":"ImageObject","inLanguage":"en-US","@id":"https:\/\/iniciaserveis.com\/#\/schema\/logo\/image\/","url":"https:\/\/iniciaserveis.com\/wp-content\/uploads\/2020\/04\/logo_300ppp.png","contentUrl":"https:\/\/iniciaserveis.com\/wp-content\/uploads\/2020\/04\/logo_300ppp.png","width":1459,"height":280,"caption":"Inicia Avantsystems, S.L."},"image":{"@id":"https:\/\/iniciaserveis.com\/#\/schema\/logo\/image\/"},"sameAs":["https:\/\/www.linkedin.com\/company\/iniciaserveis","https:\/\/www.youtube.com\/channel\/UC4UsiGh9WQyBiMa9wFm1smw"]}]}},"_links":{"self":[{"href":"https:\/\/iniciaserveis.com\/en\/wp-json\/wp\/v2\/pages\/5048","targetHints":{"allow":["GET"]}}],"collection":[{"href":"https:\/\/iniciaserveis.com\/en\/wp-json\/wp\/v2\/pages"}],"about":[{"href":"https:\/\/iniciaserveis.com\/en\/wp-json\/wp\/v2\/types\/page"}],"author":[{"embeddable":true,"href":"https:\/\/iniciaserveis.com\/en\/wp-json\/wp\/v2\/users\/4"}],"replies":[{"embeddable":true,"href":"https:\/\/iniciaserveis.com\/en\/wp-json\/wp\/v2\/comments?post=5048"}],"version-history":[{"count":0,"href":"https:\/\/iniciaserveis.com\/en\/wp-json\/wp\/v2\/pages\/5048\/revisions"}],"wp:attachment":[{"href":"https:\/\/iniciaserveis.com\/en\/wp-json\/wp\/v2\/media?parent=5048"}],"curies":[{"name":"wp","href":"https:\/\/api.w.org\/{rel}","templated":true}]}}