{"id":5121,"date":"2022-03-16T20:34:31","date_gmt":"2022-03-16T19:34:31","guid":{"rendered":"https:\/\/iniciaserveis.com\/contact\/"},"modified":"2026-03-13T10:32:04","modified_gmt":"2026-03-13T09:32:04","slug":"contact","status":"publish","type":"page","link":"https:\/\/iniciaserveis.com\/en\/contact\/","title":{"rendered":"Contact"},"content":{"rendered":"\t\t<div data-elementor-type=\"wp-page\" data-elementor-id=\"5121\" class=\"elementor elementor-5121 elementor-794\" data-elementor-post-type=\"page\">\n\t\t\t\t\t\t<section class=\"elementor-section elementor-top-section elementor-element elementor-element-42326f3 elementor-reverse-mobile elementor-section-boxed elementor-section-height-default elementor-section-height-default\" data-id=\"42326f3\" data-element_type=\"section\" data-e-type=\"section\">\n\t\t\t\t\t\t<div class=\"elementor-container elementor-column-gap-default\">\n\t\t\t\t\t<div class=\"elementor-column elementor-col-50 elementor-top-column elementor-element elementor-element-f0dab79\" data-id=\"f0dab79\" data-element_type=\"column\" data-e-type=\"column\">\n\t\t\t<div class=\"elementor-widget-wrap elementor-element-populated\">\n\t\t\t\t\t\t<div class=\"elementor-element elementor-element-714a9b8 elementor-widget elementor-widget-heading\" data-id=\"714a9b8\" data-element_type=\"widget\" data-e-type=\"widget\" data-widget_type=\"heading.default\">\n\t\t\t\t<div class=\"elementor-widget-container\">\n\t\t\t\t\t<h2 class=\"elementor-heading-title elementor-size-default\">Contact<\/h2>\t\t\t\t<\/div>\n\t\t\t\t<\/div>\n\t\t\t\t<div class=\"elementor-element elementor-element-bc444c7 elementor-widget elementor-widget-text-editor\" data-id=\"bc444c7\" data-element_type=\"widget\" data-e-type=\"widget\" data-widget_type=\"text-editor.default\">\n\t\t\t\t<div class=\"elementor-widget-container\">\n\t\t\t\t\t\t\t\t\t<p>If you have any questions, you can use this form to send us your comments, questions or suggestions about any of our\u00a0<strong>Inicia<\/strong>serveis\u00ae products.<\/p>\n<p>We will contact you as soon as possible.<\/p>\n<p><b>Inicia Avantsystems, S.L.<\/b><br \/>\nc\/ Ib\u00e8ria 3-5 interior, baixos local 3<br \/>\n17005 \u2013 Girona<\/p>\n<p>Tel\u00e8fon:\u00a0<a href=\"tel:+34872010821\">+34 872 010 821<\/a><br \/>\nE-mail:\u00a0<a href=\"mailto:in**@***********is.com\" data-original-string=\"NH\/eUyB9In5+UGT2qak1Fg==0ad6tIywvAiKnQU21QTsfNxL0XldCn56RCqfurEUCUvpp0=\" title=\"This contact has been encoded by Anti-Spam by CleanTalk. Click to decode. To finish the decoding make sure that JavaScript is enabled in your browser.\"><span \n                data-original-string='Lc3VF90gUUPrnDYMXTAF\/w==0adXT9\/0bInDYZxx4uCqBQHwSYMNQm5FTQAIUQsU0kf0Jk='\n                class='apbct-email-encoder'\n                title='This contact has been encoded by Anti-Spam by CleanTalk. Click to decode. To finish the decoding make sure that JavaScript is enabled in your browser.'>in<span class=\"apbct-blur\">**<\/span>@<span class=\"apbct-blur\">***********<\/span>is.com<\/span><\/a><\/p>\n\t\t\t\t\t\t\t\t<\/div>\n\t\t\t\t<\/div>\n\t\t\t\t\t<\/div>\n\t\t<\/div>\n\t\t\t\t<div class=\"elementor-column elementor-col-50 elementor-top-column elementor-element elementor-element-fd8cf83\" data-id=\"fd8cf83\" data-element_type=\"column\" data-e-type=\"column\">\n\t\t\t<div class=\"elementor-widget-wrap elementor-element-populated\">\n\t\t\t\t\t\t<div class=\"elementor-element elementor-element-9601653 elementor-button-align-start elementor-widget elementor-widget-form\" data-id=\"9601653\" data-element_type=\"widget\" data-e-type=\"widget\" data-settings=\"{&quot;step_next_label&quot;:&quot;Next&quot;,&quot;step_previous_label&quot;:&quot;Previous&quot;,&quot;button_width&quot;:&quot;100&quot;,&quot;step_type&quot;:&quot;number_text&quot;,&quot;step_icon_shape&quot;:&quot;circle&quot;}\" data-widget_type=\"form.default\">\n\t\t\t\t<div class=\"elementor-widget-container\">\n\t\t\t\t\t\t\t<form class=\"elementor-form\" method=\"post\" name=\"New form\" aria-label=\"New form\">\n\t\t\t<input type=\"hidden\" name=\"post_id\" value=\"5121\"\/>\n\t\t\t<input type=\"hidden\" name=\"form_id\" value=\"9601653\"\/>\n\t\t\t<input type=\"hidden\" name=\"referer_title\" value=\"Iniciaserveis l equipamiento y maquinaria para hosteler\u00eda.\" \/>\n\n\t\t\t\t\t\t\t<input type=\"hidden\" name=\"queried_id\" value=\"5121\"\/>\n\t\t\t\n\t\t\t<div class=\"elementor-form-fields-wrapper elementor-labels-above\">\n\t\t\t\t\t\t\t\t<div class=\"elementor-field-type-text elementor-field-group elementor-column elementor-field-group-name elementor-col-100 elementor-field-required elementor-mark-required\">\n\t\t\t\t\t\t\t\t\t\t\t\t<label for=\"form-field-name\" class=\"elementor-field-label\">\n\t\t\t\t\t\t\t\tName\t\t\t\t\t\t\t<\/label>\n\t\t\t\t\t\t\t\t\t\t\t\t\t\t<input size=\"1\" type=\"text\" name=\"form_fields[name]\" id=\"form-field-name\" class=\"elementor-field elementor-size-md  elementor-field-textual\" placeholder=\"Name\" required=\"required\">\n\t\t\t\t\t\t\t\t\t\t\t<\/div>\n\t\t\t\t\t\t\t\t<div class=\"elementor-field-type-email elementor-field-group elementor-column elementor-field-group-email elementor-col-100 elementor-field-required elementor-mark-required\">\n\t\t\t\t\t\t\t\t\t\t\t\t<label for=\"form-field-email\" class=\"elementor-field-label\">\n\t\t\t\t\t\t\t\tEmail address \t\t\t\t\t\t\t<\/label>\n\t\t\t\t\t\t\t\t\t\t\t\t\t\t<input size=\"1\" type=\"email\" name=\"form_fields[email]\" id=\"form-field-email\" class=\"elementor-field elementor-size-md  elementor-field-textual\" placeholder=\"Email address \" required=\"required\">\n\t\t\t\t\t\t\t\t\t\t\t<\/div>\n\t\t\t\t\t\t\t\t<div class=\"elementor-field-type-text elementor-field-group elementor-column elementor-field-group-field_1 elementor-col-100 elementor-field-required elementor-mark-required\">\n\t\t\t\t\t\t\t\t\t\t\t\t<label for=\"form-field-field_1\" class=\"elementor-field-label\">\n\t\t\t\t\t\t\t\tPhone\t\t\t\t\t\t\t<\/label>\n\t\t\t\t\t\t\t\t\t\t\t\t\t\t<input size=\"1\" type=\"text\" name=\"form_fields[field_1]\" id=\"form-field-field_1\" class=\"elementor-field elementor-size-md  elementor-field-textual\" placeholder=\"Phone\" required=\"required\">\n\t\t\t\t\t\t\t\t\t\t\t<\/div>\n\t\t\t\t\t\t\t\t<div class=\"elementor-field-type-text elementor-field-group elementor-column elementor-field-group-field_f67ec03 elementor-col-100\">\n\t\t\t\t\t\t\t\t\t\t\t\t<label for=\"form-field-field_f67ec03\" class=\"elementor-field-label\">\n\t\t\t\t\t\t\t\tWhich product are you interested in?\t\t\t\t\t\t\t<\/label>\n\t\t\t\t\t\t\t\t\t\t\t\t\t\t<input size=\"1\" type=\"text\" name=\"form_fields[field_f67ec03]\" id=\"form-field-field_f67ec03\" class=\"elementor-field elementor-size-md  elementor-field-textual\" placeholder=\"Which product are you interested in?\">\n\t\t\t\t\t\t\t\t\t\t\t<\/div>\n\t\t\t\t\t\t\t\t<div class=\"elementor-field-type-textarea elementor-field-group elementor-column elementor-field-group-message elementor-col-100\">\n\t\t\t\t\t\t\t\t\t\t\t\t<label for=\"form-field-message\" class=\"elementor-field-label\">\n\t\t\t\t\t\t\t\tMessage\t\t\t\t\t\t\t<\/label>\n\t\t\t\t\t\t<textarea class=\"elementor-field-textual elementor-field  elementor-size-md\" name=\"form_fields[message]\" id=\"form-field-message\" rows=\"6\" placeholder=\"Message\"><\/textarea>\t\t\t\t<\/div>\n\t\t\t\t\t\t\t\t<div class=\"elementor-field-type-acceptance elementor-field-group elementor-column elementor-field-group-field_2 elementor-col-100 elementor-field-required elementor-mark-required\">\n\t\t\t\t\t\t\t<div class=\"elementor-field-subgroup\">\n\t\t\t<span class=\"elementor-field-option\">\n\t\t\t\t<input type=\"checkbox\" name=\"form_fields[field_2]\" id=\"form-field-field_2\" class=\"elementor-field elementor-size-md  elementor-acceptance-field\" required=\"required\">\n\t\t\t\t<label for=\"form-field-field_2\">I understand and accept the <a href=\"https:\/\/iniciaserveis.com\/en\/legal-notice-and-privacy-policy\/\">privacy policy<\/a><\/label>\t\t\t<\/span>\n\t\t<\/div>\n\t\t\t\t\t\t<\/div>\n\t\t\t\t\t\t\t\t<div class=\"elementor-field-type-recaptcha_v3 elementor-field-group elementor-column elementor-field-group-field_3 elementor-col-100 recaptcha_v3-bottomright\">\n\t\t\t\t\t<div class=\"elementor-field\" id=\"form-field-field_3\"><div class=\"elementor-g-recaptcha\" data-sitekey=\"6LfGjucUAAAAACXPrjlSHGC3AFG3yc2zvMzgfymQ\" data-type=\"v3\" data-action=\"Form\" data-badge=\"bottomright\" data-size=\"invisible\"><\/div><\/div>\t\t\t\t<\/div>\n\t\t\t\t\t\t\t\t<div class=\"elementor-field-group elementor-column elementor-field-type-submit elementor-col-100 e-form__buttons\">\n\t\t\t\t\t<button class=\"elementor-button elementor-size-sm\" type=\"submit\">\n\t\t\t\t\t\t<span class=\"elementor-button-content-wrapper\">\n\t\t\t\t\t\t\t\t\t\t\t\t\t\t\t\t\t\t\t\t\t\t<span class=\"elementor-button-text\">Send<\/span>\n\t\t\t\t\t\t\t\t\t\t\t\t\t<\/span>\n\t\t\t\t\t<\/button>\n\t\t\t\t<\/div>\n\t\t\t<\/div>\n\t\t<input\n                    class=\"apbct_special_field apbct_email_id__elementor_form\"\n                    name=\"apbct__email_id__elementor_form\"\n                    aria-label=\"apbct__label_id__elementor_form\"\n                    type=\"text\" size=\"30\" maxlength=\"200\" autocomplete=\"off\"\n                    value=\"\"\n                \/><\/form>\n\t\t\t\t\t\t<\/div>\n\t\t\t\t<\/div>\n\t\t\t\t\t<\/div>\n\t\t<\/div>\n\t\t\t\t\t<\/div>\n\t\t<\/section>\n\t\t\t\t<\/div>\n\t\t","protected":false},"excerpt":{"rendered":"<p>Contact If you have any questions, you can use this form to send us your comments, questions or suggestions about any of our\u00a0Iniciaserveis\u00ae products. We will contact you as soon as possible. Inicia Avantsystems, S.L. c\/ Ib\u00e8ria 3-5 interior, baixos local 3 17005 \u2013 Girona Tel\u00e8fon:\u00a0+34 872 010 821 E-mail:\u00a0in**@***********is.com<\/p>\n","protected":false},"author":4,"featured_media":0,"parent":0,"menu_order":21,"comment_status":"closed","ping_status":"closed","template":"","meta":{"footnotes":""},"class_list":["post-5121","page","type-page","status-publish","hentry"],"yoast_head":"<!-- This site is optimized with the Yoast SEO plugin v27.2 - https:\/\/yoast.com\/product\/yoast-seo-wordpress\/ -->\n<title>Iniciaserveis l equipamiento y maquinaria para hosteler\u00eda.<\/title>\n<meta name=\"description\" content=\"Iniciaserveis, empresa de soluciones y maquinaria para hosteler\u00eda. M\u00e1ximo ahorro y optimizaci\u00f3n en proyectos de hosteler\u00eda.\" \/>\n<meta name=\"robots\" content=\"index, follow, max-snippet:-1, max-image-preview:large, max-video-preview:-1\" \/>\n<link rel=\"canonical\" href=\"https:\/\/iniciaserveis.com\/en\/contact\/\" \/>\n<meta property=\"og:locale\" content=\"en_US\" \/>\n<meta property=\"og:type\" content=\"article\" \/>\n<meta property=\"og:title\" content=\"Iniciaserveis l equipamiento y maquinaria para hosteler\u00eda.\" \/>\n<meta property=\"og:description\" content=\"Iniciaserveis, empresa de soluciones y maquinaria para hosteler\u00eda. M\u00e1ximo ahorro y optimizaci\u00f3n en proyectos de hosteler\u00eda.\" \/>\n<meta property=\"og:url\" content=\"https:\/\/iniciaserveis.com\/en\/contact\/\" \/>\n<meta property=\"og:site_name\" content=\"Iniciaserveis\" \/>\n<meta property=\"article:modified_time\" content=\"2026-03-13T09:32:04+00:00\" \/>\n<meta name=\"twitter:card\" content=\"summary_large_image\" \/>\n<meta name=\"twitter:label1\" content=\"Est. reading time\" \/>\n\t<meta name=\"twitter:data1\" content=\"1 minute\" \/>\n<script type=\"application\/ld+json\" class=\"yoast-schema-graph\">{\"@context\":\"https:\/\/schema.org\",\"@graph\":[{\"@type\":\"WebPage\",\"@id\":\"https:\/\/iniciaserveis.com\/en\/contact\/\",\"url\":\"https:\/\/iniciaserveis.com\/en\/contact\/\",\"name\":\"Iniciaserveis l equipamiento y maquinaria para hosteler\u00eda.\",\"isPartOf\":{\"@id\":\"https:\/\/iniciaserveis.com\/#website\"},\"datePublished\":\"2022-03-16T19:34:31+00:00\",\"dateModified\":\"2026-03-13T09:32:04+00:00\",\"description\":\"Iniciaserveis, empresa de soluciones y maquinaria para hosteler\u00eda. M\u00e1ximo ahorro y optimizaci\u00f3n en proyectos de hosteler\u00eda.\",\"breadcrumb\":{\"@id\":\"https:\/\/iniciaserveis.com\/en\/contact\/#breadcrumb\"},\"inLanguage\":\"en-US\",\"potentialAction\":[{\"@type\":\"ReadAction\",\"target\":[\"https:\/\/iniciaserveis.com\/en\/contact\/\"]}]},{\"@type\":\"BreadcrumbList\",\"@id\":\"https:\/\/iniciaserveis.com\/en\/contact\/#breadcrumb\",\"itemListElement\":[{\"@type\":\"ListItem\",\"position\":1,\"name\":\"Inici\",\"item\":\"https:\/\/iniciaserveis.com\/en\/\"},{\"@type\":\"ListItem\",\"position\":2,\"name\":\"Contact\"}]},{\"@type\":\"WebSite\",\"@id\":\"https:\/\/iniciaserveis.com\/#website\",\"url\":\"https:\/\/iniciaserveis.com\/\",\"name\":\"Iniciaserveis\",\"description\":\"\",\"publisher\":{\"@id\":\"https:\/\/iniciaserveis.com\/#organization\"},\"potentialAction\":[{\"@type\":\"SearchAction\",\"target\":{\"@type\":\"EntryPoint\",\"urlTemplate\":\"https:\/\/iniciaserveis.com\/?s={search_term_string}\"},\"query-input\":{\"@type\":\"PropertyValueSpecification\",\"valueRequired\":true,\"valueName\":\"search_term_string\"}}],\"inLanguage\":\"en-US\"},{\"@type\":\"Organization\",\"@id\":\"https:\/\/iniciaserveis.com\/#organization\",\"name\":\"Inicia Avantsystems, S.L.\",\"url\":\"https:\/\/iniciaserveis.com\/\",\"logo\":{\"@type\":\"ImageObject\",\"inLanguage\":\"en-US\",\"@id\":\"https:\/\/iniciaserveis.com\/#\/schema\/logo\/image\/\",\"url\":\"https:\/\/iniciaserveis.com\/wp-content\/uploads\/2020\/04\/logo_300ppp.png\",\"contentUrl\":\"https:\/\/iniciaserveis.com\/wp-content\/uploads\/2020\/04\/logo_300ppp.png\",\"width\":1459,\"height\":280,\"caption\":\"Inicia Avantsystems, S.L.\"},\"image\":{\"@id\":\"https:\/\/iniciaserveis.com\/#\/schema\/logo\/image\/\"},\"sameAs\":[\"https:\/\/www.linkedin.com\/company\/iniciaserveis\",\"https:\/\/www.youtube.com\/channel\/UC4UsiGh9WQyBiMa9wFm1smw\"]}]}<\/script>\n<!-- \/ Yoast SEO plugin. -->","yoast_head_json":{"title":"Iniciaserveis l equipamiento y maquinaria para hosteler\u00eda.","description":"Iniciaserveis, empresa de soluciones y maquinaria para hosteler\u00eda. M\u00e1ximo ahorro y optimizaci\u00f3n en proyectos de hosteler\u00eda.","robots":{"index":"index","follow":"follow","max-snippet":"max-snippet:-1","max-image-preview":"max-image-preview:large","max-video-preview":"max-video-preview:-1"},"canonical":"https:\/\/iniciaserveis.com\/en\/contact\/","og_locale":"en_US","og_type":"article","og_title":"Iniciaserveis l equipamiento y maquinaria para hosteler\u00eda.","og_description":"Iniciaserveis, empresa de soluciones y maquinaria para hosteler\u00eda. M\u00e1ximo ahorro y optimizaci\u00f3n en proyectos de hosteler\u00eda.","og_url":"https:\/\/iniciaserveis.com\/en\/contact\/","og_site_name":"Iniciaserveis","article_modified_time":"2026-03-13T09:32:04+00:00","twitter_card":"summary_large_image","twitter_misc":{"Est. reading time":"1 minute"},"schema":{"@context":"https:\/\/schema.org","@graph":[{"@type":"WebPage","@id":"https:\/\/iniciaserveis.com\/en\/contact\/","url":"https:\/\/iniciaserveis.com\/en\/contact\/","name":"Iniciaserveis l equipamiento y maquinaria para hosteler\u00eda.","isPartOf":{"@id":"https:\/\/iniciaserveis.com\/#website"},"datePublished":"2022-03-16T19:34:31+00:00","dateModified":"2026-03-13T09:32:04+00:00","description":"Iniciaserveis, empresa de soluciones y maquinaria para hosteler\u00eda. M\u00e1ximo ahorro y optimizaci\u00f3n en proyectos de hosteler\u00eda.","breadcrumb":{"@id":"https:\/\/iniciaserveis.com\/en\/contact\/#breadcrumb"},"inLanguage":"en-US","potentialAction":[{"@type":"ReadAction","target":["https:\/\/iniciaserveis.com\/en\/contact\/"]}]},{"@type":"BreadcrumbList","@id":"https:\/\/iniciaserveis.com\/en\/contact\/#breadcrumb","itemListElement":[{"@type":"ListItem","position":1,"name":"Inici","item":"https:\/\/iniciaserveis.com\/en\/"},{"@type":"ListItem","position":2,"name":"Contact"}]},{"@type":"WebSite","@id":"https:\/\/iniciaserveis.com\/#website","url":"https:\/\/iniciaserveis.com\/","name":"Iniciaserveis","description":"","publisher":{"@id":"https:\/\/iniciaserveis.com\/#organization"},"potentialAction":[{"@type":"SearchAction","target":{"@type":"EntryPoint","urlTemplate":"https:\/\/iniciaserveis.com\/?s={search_term_string}"},"query-input":{"@type":"PropertyValueSpecification","valueRequired":true,"valueName":"search_term_string"}}],"inLanguage":"en-US"},{"@type":"Organization","@id":"https:\/\/iniciaserveis.com\/#organization","name":"Inicia Avantsystems, S.L.","url":"https:\/\/iniciaserveis.com\/","logo":{"@type":"ImageObject","inLanguage":"en-US","@id":"https:\/\/iniciaserveis.com\/#\/schema\/logo\/image\/","url":"https:\/\/iniciaserveis.com\/wp-content\/uploads\/2020\/04\/logo_300ppp.png","contentUrl":"https:\/\/iniciaserveis.com\/wp-content\/uploads\/2020\/04\/logo_300ppp.png","width":1459,"height":280,"caption":"Inicia Avantsystems, S.L."},"image":{"@id":"https:\/\/iniciaserveis.com\/#\/schema\/logo\/image\/"},"sameAs":["https:\/\/www.linkedin.com\/company\/iniciaserveis","https:\/\/www.youtube.com\/channel\/UC4UsiGh9WQyBiMa9wFm1smw"]}]}},"_links":{"self":[{"href":"https:\/\/iniciaserveis.com\/en\/wp-json\/wp\/v2\/pages\/5121","targetHints":{"allow":["GET"]}}],"collection":[{"href":"https:\/\/iniciaserveis.com\/en\/wp-json\/wp\/v2\/pages"}],"about":[{"href":"https:\/\/iniciaserveis.com\/en\/wp-json\/wp\/v2\/types\/page"}],"author":[{"embeddable":true,"href":"https:\/\/iniciaserveis.com\/en\/wp-json\/wp\/v2\/users\/4"}],"replies":[{"embeddable":true,"href":"https:\/\/iniciaserveis.com\/en\/wp-json\/wp\/v2\/comments?post=5121"}],"version-history":[{"count":9,"href":"https:\/\/iniciaserveis.com\/en\/wp-json\/wp\/v2\/pages\/5121\/revisions"}],"predecessor-version":[{"id":6738,"href":"https:\/\/iniciaserveis.com\/en\/wp-json\/wp\/v2\/pages\/5121\/revisions\/6738"}],"wp:attachment":[{"href":"https:\/\/iniciaserveis.com\/en\/wp-json\/wp\/v2\/media?parent=5121"}],"curies":[{"name":"wp","href":"https:\/\/api.w.org\/{rel}","templated":true}]}}